{"id":3503,"date":"2024-03-03T15:38:29","date_gmt":"2024-03-03T14:38:29","guid":{"rendered":"https:\/\/www.naos-international.com\/recrutement-executive-search\/"},"modified":"2024-05-21T16:09:03","modified_gmt":"2024-05-21T14:09:03","slug":"recrutement-executive-search","status":"publish","type":"page","link":"https:\/\/www.naos-international.com\/fr\/services\/recrutement-executive-search\/","title":{"rendered":"Recrutement &amp; Executive Search"},"content":{"rendered":"\t\t<div data-elementor-type=\"wp-page\" data-elementor-id=\"3503\" class=\"elementor elementor-3503 elementor-2255\" data-elementor-post-type=\"page\">\n\t\t\t\t<div class=\"elementor-element elementor-element-2eddee62 e-flex e-con-boxed e-con e-parent\" data-id=\"2eddee62\" data-element_type=\"container\" data-e-type=\"container\" data-settings=\"{&quot;background_background&quot;:&quot;classic&quot;}\">\n\t\t\t\t\t<div class=\"e-con-inner\">\n\t\t<div class=\"elementor-element elementor-element-776a3123 e-con-full e-flex e-con e-child\" data-id=\"776a3123\" data-element_type=\"container\" data-e-type=\"container\">\n\t\t\t\t<div class=\"elementor-element elementor-element-2354db7e elementor-widget elementor-widget-text-editor\" data-id=\"2354db7e\" data-element_type=\"widget\" data-e-type=\"widget\" data-widget_type=\"text-editor.default\">\n\t\t\t\t<div class=\"elementor-widget-container\">\n\t\t\t\t\t\t\t\t\t<p>Nous sommes des experts en recrutement de cadres et cadres dirigeants et nous soutenons le d\u00e9veloppement de nos clients en se concentrant sur les r\u00e9gions d&rsquo;Europe, d&rsquo;Asie et du Moyen-Orient. Notre sp\u00e9cialisation r\u00e9side dans la recherche pr\u00e9cise de Talents qualifi\u00e9s, allant de postes de cadres moyens \u00e0 des postes d&rsquo;expertise jusqu\u2019aux niveaux de direction avec un p\u00e9rim\u00e8tre r\u00e9gional, national et international.<\/p>\n<p>Nous comprenons que l&rsquo;expression \u00ab trouver la perle rare \u00bb s&rsquo;applique aussi bien \u00e0 l&#8217;employeur qu&rsquo;aux Talents. Pour atteindre cet objectif, nous menons une analyse approfondie des comp\u00e9tences, de l&rsquo;exp\u00e9rience requise, de la culture d&rsquo;entreprise, du style de management, de la motivation et de l&rsquo;ambition du candidat. Notre approche repose sur une collaboration \u00e9troite avec nos clients et nos candidats, visant \u00e0 apporter une valeur ajout\u00e9e \u00e0 toutes les parties impliqu\u00e9es.<\/p>\n<p>Chaque mandat de recrutement est consid\u00e9r\u00e9 comme un projet \u00e0 part enti\u00e8re, et nous utilisons une m\u00e9thodologie agile bas\u00e9e sur la gestion de projet pour garantir son succ\u00e8s. Cette approche syst\u00e9matique nous permet de maximiser les chances d&rsquo;un recrutement r\u00e9ussi tout en construisant des partenariats solides avec nos clients et nos Talents. Notre engagement envers l&rsquo;excellence dans le recrutement est au c\u0153ur de notre d\u00e9marche, et nous sommes fiers de contribuer au succ\u00e8s de nos partenaires.<\/p>\n\t\t\t\t\t\t\t\t<\/div>\n\t\t\t\t<\/div>\n\t\t\t\t<\/div>\n\t\t\t\t<div class=\"elementor-element elementor-element-40d63616 elementor-widget__width-initial elementor-widget-tablet__width-inherit elementor-widget elementor-widget-image\" data-id=\"40d63616\" data-element_type=\"widget\" data-e-type=\"widget\" data-widget_type=\"image.default\">\n\t\t\t\t<div class=\"elementor-widget-container\">\n\t\t\t\t\t\t\t\t\t\t\t\t\t\t\t<img fetchpriority=\"high\" decoding=\"async\" width=\"827\" height=\"1024\" src=\"https:\/\/www.naos-international.com\/wp-content\/uploads\/2024\/04\/Design-sans-titre-45-827x1024.png\" class=\"attachment-large size-large wp-image-3388\" alt=\"\" srcset=\"https:\/\/www.naos-international.com\/wp-content\/uploads\/2024\/04\/Design-sans-titre-45-827x1024.png 827w, https:\/\/www.naos-international.com\/wp-content\/uploads\/2024\/04\/Design-sans-titre-45-242x300.png 242w, https:\/\/www.naos-international.com\/wp-content\/uploads\/2024\/04\/Design-sans-titre-45-768x951.png 768w, https:\/\/www.naos-international.com\/wp-content\/uploads\/2024\/04\/Design-sans-titre-45.png 945w\" sizes=\"(max-width: 827px) 100vw, 827px\" \/>\t\t\t\t\t\t\t\t\t\t\t\t\t\t\t<\/div>\n\t\t\t\t<\/div>\n\t\t\t\t\t<\/div>\n\t\t\t\t<\/div>\n\t\t\t\t<\/div>\n\t\t","protected":false},"excerpt":{"rendered":"<p>Nous sommes des experts en recrutement de cadres et cadres dirigeants et nous soutenons le d\u00e9veloppement de nos clients en se concentrant sur les r\u00e9gions d&rsquo;Europe, d&rsquo;Asie et du Moyen-Orient. Notre sp\u00e9cialisation r\u00e9side dans la recherche pr\u00e9cise de Talents qualifi\u00e9s, allant de postes de cadres moyens \u00e0 des postes d&rsquo;expertise jusqu\u2019aux niveaux de direction avec [&hellip;]<\/p>\n","protected":false},"author":1,"featured_media":0,"parent":4115,"menu_order":0,"comment_status":"closed","ping_status":"closed","template":"","meta":{"content-type":"","footnotes":""},"class_list":["post-3503","page","type-page","status-publish","hentry"],"blocksy_meta":{"page_title_panel":"","has_hero_section":"default","e38715bb122191d12b00a4ff2f5acc0d":"","hero_section":"type-1","hero_elements":[{"id":"custom_title","enabled":true,"heading_tag":"h1","title":"Home"},{"id":"custom_description","enabled":true,"description_visibility":{"desktop":true,"tablet":true,"mobile":false}},{"id":"custom_meta","enabled":false,"meta_elements":[{"id":"author","enabled":true,"label":"By","has_author_avatar":"yes","avatar_size":25},{"id":"post_date","enabled":true,"label":"On","date_format_source":"default","date_format":"M j, Y"},{"id":"updated_date","enabled":false,"label":"On","date_format_source":"default","date_format":"M j, Y"},{"id":"categories","enabled":false,"label":"In","style":"simple"},{"id":"comments","enabled":true}],"page_meta_elements":{"joined":true,"articles_count":true,"comments":true}},{"id":"breadcrumbs","enabled":false}],"cdfdc69e127db85256160ecef73f61cf":"","hero_alignment1":"CT_CSS_SKIP_RULE","hero_margin":40,"hero_alignment2":"center","hero_vertical_alignment":"center","6fea0e66a2b5d6a4880c87191c0e3589":"","hero_structure":"narrow","caec56dac1f3124aba4f24b90c3f166d":"","page_title_bg_type":"featured_image","custom_hero_background":{"attachment_id":null},"page_title_image_size":"full","parallax":{"desktop":false,"tablet":false,"mobile":false},"07106ee7ed2e4852a96bbd1e7c3ca084":"","hero_height":"250px","pageTitleFont":{"family":"Default","variation":"Default","size":"30px","line-height":"CT_CSS_SKIP_RULE","letter-spacing":"CT_CSS_SKIP_RULE","text-transform":"CT_CSS_SKIP_RULE","text-decoration":"CT_CSS_SKIP_RULE"},"pageTitleFontColor":{"default":{"color":"CT_CSS_SKIP_RULEDEFAULT"}},"pageMetaFont":{"family":"Default","variation":"n6","size":"12px","line-height":"1.3","letter-spacing":"CT_CSS_SKIP_RULE","text-transform":"uppercase","text-decoration":"CT_CSS_SKIP_RULE"},"pageMetaFontColor":{"default":{"color":"CT_CSS_SKIP_RULEDEFAULT"},"hover":{"color":"CT_CSS_SKIP_RULEDEFAULT"}},"page_meta_button_type_font_colors":{"default":{"color":"CT_CSS_SKIP_RULEDEFAULT"},"hover":{"color":"CT_CSS_SKIP_RULEDEFAULT"}},"page_meta_button_type_background_colors":{"default":{"color":"CT_CSS_SKIP_RULEDEFAULT"},"hover":{"color":"CT_CSS_SKIP_RULEDEFAULT"}},"pageExcerptFont":{"family":"Default","variation":"Default","size":"CT_CSS_SKIP_RULE","line-height":"CT_CSS_SKIP_RULE","letter-spacing":"CT_CSS_SKIP_RULE","text-transform":"CT_CSS_SKIP_RULE","text-decoration":"CT_CSS_SKIP_RULE"},"pageExcerptColor":{"default":{"color":"CT_CSS_SKIP_RULEDEFAULT"}},"breadcrumbsFont":{"family":"Default","variation":"Default","size":"CT_CSS_SKIP_RULE","line-height":"CT_CSS_SKIP_RULE","letter-spacing":"CT_CSS_SKIP_RULE","text-transform":"CT_CSS_SKIP_RULE","text-decoration":"CT_CSS_SKIP_RULE"},"breadcrumbsFontColor":{"default":{"color":"CT_CSS_SKIP_RULEDEFAULT"},"initial":{"color":"CT_CSS_SKIP_RULEDEFAULT"},"hover":{"color":"CT_CSS_SKIP_RULEDEFAULT"}},"pageTitleOverlay":{"background_type":"color","background_pattern":"type-1","background_image":{"attachment_id":null,"x":0,"y":0},"gradient":"linear-gradient(135deg,rgba(6,147,227,1) 0%,rgb(155,81,224) 100%)","background_repeat":"repeat","background_size":"auto","background_attachment":"scroll","patternColor":{"default":{"color":"#e5e7ea"}},"overlayColor":{"default":{"color":"CT_CSS_SKIP_RULE"}},"backgroundColor":{"default":{"color":"CT_CSS_SKIP_RULE"}}},"pageTitleBackground":{"background_type":"color","background_pattern":"type-1","background_image":{"attachment_id":null,"x":0,"y":0},"gradient":"linear-gradient(135deg,rgba(6,147,227,1) 0%,rgb(155,81,224) 100%)","background_repeat":"repeat","background_size":"auto","background_attachment":"scroll","patternColor":{"default":{"color":"#e5e7ea"}},"overlayColor":{"default":{"color":"CT_CSS_SKIP_RULE"}},"backgroundColor":{"default":{"color":"var(--theme-palette-color-6)"}}},"pageTitlePadding":{"top":"50px","bottom":"50px","left":"auto","right":"auto","linked":true},"8731634cc32e95e0be09e75dbf703b3f":"","page_structure_type":"default","6ef7870ac163491031ebf652adea8358":"","content_style_source":"inherit","content_style":"wide","vertical_spacing_source":"custom","content_area_spacing":"none","background":{"background_type":"color","background_pattern":"type-1","background_image":{"attachment_id":null,"x":0,"y":0},"gradient":"linear-gradient(135deg,rgba(6,147,227,1) 0%,rgb(155,81,224) 100%)","background_repeat":"repeat","background_size":"auto","background_attachment":"scroll","patternColor":{"default":{"color":"#e5e7ea"}},"overlayColor":{"default":{"color":"CT_CSS_SKIP_RULE"}},"backgroundColor":{"default":{"color":"CT_CSS_SKIP_RULE"}}},"content_background":{"background_type":"color","background_pattern":"type-1","background_image":{"attachment_id":null,"x":0,"y":0},"gradient":"linear-gradient(135deg,rgba(6,147,227,1) 0%,rgb(155,81,224) 100%)","background_repeat":"repeat","background_size":"auto","background_attachment":"scroll","patternColor":{"default":{"color":"#e5e7ea"}},"overlayColor":{"default":{"color":"CT_CSS_SKIP_RULE"}},"backgroundColor":{"default":{"color":"var(--theme-palette-color-8)"}}},"content_boxed_shadow":{"inherit":false,"blur":18,"spread":-6,"v_offset":12,"h_offset":0,"inset":false,"enable":true,"color":{"color":"rgba(34, 56, 101, 0.04)"}},"content_boxed_border":{"width":1,"style":"none","color":{"color":"rgba(44,62,80,0.2)"}},"content_boxed_radius":{"top":"3px","bottom":"3px","left":"3px","right":"3px","linked":true},"boxed_content_spacing":{"desktop":{"top":"40px","bottom":"40px","left":"40px","right":"40px","linked":true},"tablet":{"top":"35px","bottom":"35px","left":"35px","right":"35px","linked":true},"mobile":{"top":"20px","bottom":"20px","left":"20px","right":"20px","linked":true}},"36b606f0b937718d397a640df4fa4b31":"","disable_featured_image":"no","disable_share_box":"no","disable_header":"no","disable_footer":"no","styles_descriptor":{"styles":{"desktop":"","tablet":"","mobile":""},"google_fonts":[],"version":6}},"yoast_head":"<!-- This site is optimized with the Yoast SEO plugin v27.3 - https:\/\/yoast.com\/product\/yoast-seo-wordpress\/ -->\n<title>Recrutement &amp; Executive Search | NAOS International<\/title>\n<meta name=\"description\" content=\"Am\u00e9liorez votre processus de recrutement gr\u00e2ce \u00e0 nos services, con\u00e7us pour mettre en relation les meilleurs talents avec des organisations de premier plan pour un succ\u00e8s mutuel.\" \/>\n<meta name=\"robots\" content=\"index, follow, max-snippet:-1, max-image-preview:large, max-video-preview:-1\" \/>\n<link rel=\"canonical\" href=\"https:\/\/www.naos-international.com\/fr\/services\/recrutement-executive-search\/\" \/>\n<meta property=\"og:locale\" content=\"fr_FR\" \/>\n<meta property=\"og:type\" content=\"article\" \/>\n<meta property=\"og:title\" content=\"Recrutement &amp; Executive Search | NAOS International\" \/>\n<meta property=\"og:description\" content=\"Am\u00e9liorez votre processus de recrutement gr\u00e2ce \u00e0 nos services, con\u00e7us pour mettre en relation les meilleurs talents avec des organisations de premier plan pour un succ\u00e8s mutuel.\" \/>\n<meta property=\"og:url\" content=\"https:\/\/www.naos-international.com\/fr\/services\/recrutement-executive-search\/\" \/>\n<meta property=\"og:site_name\" content=\"NAOS International\" \/>\n<meta property=\"article:modified_time\" content=\"2024-05-21T14:09:03+00:00\" \/>\n<meta property=\"og:image\" content=\"https:\/\/www.naos-international.com\/wp-content\/uploads\/2024\/04\/Design-sans-titre-45-827x1024.png\" \/>\n<meta name=\"twitter:card\" content=\"summary_large_image\" \/>\n<meta name=\"twitter:label1\" content=\"Dur\u00e9e de lecture estim\u00e9e\" \/>\n\t<meta name=\"twitter:data1\" content=\"2 minutes\" \/>\n<script type=\"application\/ld+json\" class=\"yoast-schema-graph\">{\"@context\":\"https:\\\/\\\/schema.org\",\"@graph\":[{\"@type\":\"WebPage\",\"@id\":\"https:\\\/\\\/www.naos-international.com\\\/fr\\\/services\\\/recrutement-executive-search\\\/\",\"url\":\"https:\\\/\\\/www.naos-international.com\\\/fr\\\/services\\\/recrutement-executive-search\\\/\",\"name\":\"Recrutement &amp; Executive Search | NAOS International\",\"isPartOf\":{\"@id\":\"https:\\\/\\\/www.naos-international.com\\\/fr\\\/#website\"},\"primaryImageOfPage\":{\"@id\":\"https:\\\/\\\/www.naos-international.com\\\/fr\\\/services\\\/recrutement-executive-search\\\/#primaryimage\"},\"image\":{\"@id\":\"https:\\\/\\\/www.naos-international.com\\\/fr\\\/services\\\/recrutement-executive-search\\\/#primaryimage\"},\"thumbnailUrl\":\"https:\\\/\\\/www.naos-international.com\\\/wp-content\\\/uploads\\\/2024\\\/04\\\/Design-sans-titre-45-827x1024.png\",\"datePublished\":\"2024-03-03T14:38:29+00:00\",\"dateModified\":\"2024-05-21T14:09:03+00:00\",\"description\":\"Am\u00e9liorez votre processus de recrutement gr\u00e2ce \u00e0 nos services, con\u00e7us pour mettre en relation les meilleurs talents avec des organisations de premier plan pour un succ\u00e8s mutuel.\",\"breadcrumb\":{\"@id\":\"https:\\\/\\\/www.naos-international.com\\\/fr\\\/services\\\/recrutement-executive-search\\\/#breadcrumb\"},\"inLanguage\":\"fr-FR\",\"potentialAction\":[{\"@type\":\"ReadAction\",\"target\":[\"https:\\\/\\\/www.naos-international.com\\\/fr\\\/services\\\/recrutement-executive-search\\\/\"]}]},{\"@type\":\"ImageObject\",\"inLanguage\":\"fr-FR\",\"@id\":\"https:\\\/\\\/www.naos-international.com\\\/fr\\\/services\\\/recrutement-executive-search\\\/#primaryimage\",\"url\":\"https:\\\/\\\/www.naos-international.com\\\/wp-content\\\/uploads\\\/2024\\\/04\\\/Design-sans-titre-45-827x1024.png\",\"contentUrl\":\"https:\\\/\\\/www.naos-international.com\\\/wp-content\\\/uploads\\\/2024\\\/04\\\/Design-sans-titre-45-827x1024.png\"},{\"@type\":\"BreadcrumbList\",\"@id\":\"https:\\\/\\\/www.naos-international.com\\\/fr\\\/services\\\/recrutement-executive-search\\\/#breadcrumb\",\"itemListElement\":[{\"@type\":\"ListItem\",\"position\":1,\"name\":\"Home\",\"item\":\"https:\\\/\\\/www.naos-international.com\\\/fr\\\/\"},{\"@type\":\"ListItem\",\"position\":2,\"name\":\"Services\",\"item\":\"https:\\\/\\\/www.naos-international.com\\\/fr\\\/services\\\/\"},{\"@type\":\"ListItem\",\"position\":3,\"name\":\"Recrutement &amp; Executive Search\"}]},{\"@type\":\"WebSite\",\"@id\":\"https:\\\/\\\/www.naos-international.com\\\/fr\\\/#website\",\"url\":\"https:\\\/\\\/www.naos-international.com\\\/fr\\\/\",\"name\":\"NAOS International\",\"description\":\"Executive Search - Bridging Worlds, Building Careers\",\"publisher\":{\"@id\":\"https:\\\/\\\/www.naos-international.com\\\/fr\\\/#organization\"},\"potentialAction\":[{\"@type\":\"SearchAction\",\"target\":{\"@type\":\"EntryPoint\",\"urlTemplate\":\"https:\\\/\\\/www.naos-international.com\\\/fr\\\/?s={search_term_string}\"},\"query-input\":{\"@type\":\"PropertyValueSpecification\",\"valueRequired\":true,\"valueName\":\"search_term_string\"}}],\"inLanguage\":\"fr-FR\"},{\"@type\":\"Organization\",\"@id\":\"https:\\\/\\\/www.naos-international.com\\\/fr\\\/#organization\",\"name\":\"NAOS International\",\"url\":\"https:\\\/\\\/www.naos-international.com\\\/fr\\\/\",\"logo\":{\"@type\":\"ImageObject\",\"inLanguage\":\"fr-FR\",\"@id\":\"https:\\\/\\\/www.naos-international.com\\\/fr\\\/#\\\/schema\\\/logo\\\/image\\\/\",\"url\":\"https:\\\/\\\/www.naos-international.com\\\/wp-content\\\/uploads\\\/2024\\\/03\\\/cropped-naos-international-favicon.png\",\"contentUrl\":\"https:\\\/\\\/www.naos-international.com\\\/wp-content\\\/uploads\\\/2024\\\/03\\\/cropped-naos-international-favicon.png\",\"width\":512,\"height\":512,\"caption\":\"NAOS International\"},\"image\":{\"@id\":\"https:\\\/\\\/www.naos-international.com\\\/fr\\\/#\\\/schema\\\/logo\\\/image\\\/\"}}]}<\/script>\n<!-- \/ Yoast SEO plugin. -->","yoast_head_json":{"title":"Recrutement &amp; Executive Search | NAOS International","description":"Am\u00e9liorez votre processus de recrutement gr\u00e2ce \u00e0 nos services, con\u00e7us pour mettre en relation les meilleurs talents avec des organisations de premier plan pour un succ\u00e8s mutuel.","robots":{"index":"index","follow":"follow","max-snippet":"max-snippet:-1","max-image-preview":"max-image-preview:large","max-video-preview":"max-video-preview:-1"},"canonical":"https:\/\/www.naos-international.com\/fr\/services\/recrutement-executive-search\/","og_locale":"fr_FR","og_type":"article","og_title":"Recrutement &amp; Executive Search | NAOS International","og_description":"Am\u00e9liorez votre processus de recrutement gr\u00e2ce \u00e0 nos services, con\u00e7us pour mettre en relation les meilleurs talents avec des organisations de premier plan pour un succ\u00e8s mutuel.","og_url":"https:\/\/www.naos-international.com\/fr\/services\/recrutement-executive-search\/","og_site_name":"NAOS International","article_modified_time":"2024-05-21T14:09:03+00:00","og_image":[{"url":"https:\/\/www.naos-international.com\/wp-content\/uploads\/2024\/04\/Design-sans-titre-45-827x1024.png","type":"","width":"","height":""}],"twitter_card":"summary_large_image","twitter_misc":{"Dur\u00e9e de lecture estim\u00e9e":"2 minutes"},"schema":{"@context":"https:\/\/schema.org","@graph":[{"@type":"WebPage","@id":"https:\/\/www.naos-international.com\/fr\/services\/recrutement-executive-search\/","url":"https:\/\/www.naos-international.com\/fr\/services\/recrutement-executive-search\/","name":"Recrutement &amp; Executive Search | NAOS International","isPartOf":{"@id":"https:\/\/www.naos-international.com\/fr\/#website"},"primaryImageOfPage":{"@id":"https:\/\/www.naos-international.com\/fr\/services\/recrutement-executive-search\/#primaryimage"},"image":{"@id":"https:\/\/www.naos-international.com\/fr\/services\/recrutement-executive-search\/#primaryimage"},"thumbnailUrl":"https:\/\/www.naos-international.com\/wp-content\/uploads\/2024\/04\/Design-sans-titre-45-827x1024.png","datePublished":"2024-03-03T14:38:29+00:00","dateModified":"2024-05-21T14:09:03+00:00","description":"Am\u00e9liorez votre processus de recrutement gr\u00e2ce \u00e0 nos services, con\u00e7us pour mettre en relation les meilleurs talents avec des organisations de premier plan pour un succ\u00e8s mutuel.","breadcrumb":{"@id":"https:\/\/www.naos-international.com\/fr\/services\/recrutement-executive-search\/#breadcrumb"},"inLanguage":"fr-FR","potentialAction":[{"@type":"ReadAction","target":["https:\/\/www.naos-international.com\/fr\/services\/recrutement-executive-search\/"]}]},{"@type":"ImageObject","inLanguage":"fr-FR","@id":"https:\/\/www.naos-international.com\/fr\/services\/recrutement-executive-search\/#primaryimage","url":"https:\/\/www.naos-international.com\/wp-content\/uploads\/2024\/04\/Design-sans-titre-45-827x1024.png","contentUrl":"https:\/\/www.naos-international.com\/wp-content\/uploads\/2024\/04\/Design-sans-titre-45-827x1024.png"},{"@type":"BreadcrumbList","@id":"https:\/\/www.naos-international.com\/fr\/services\/recrutement-executive-search\/#breadcrumb","itemListElement":[{"@type":"ListItem","position":1,"name":"Home","item":"https:\/\/www.naos-international.com\/fr\/"},{"@type":"ListItem","position":2,"name":"Services","item":"https:\/\/www.naos-international.com\/fr\/services\/"},{"@type":"ListItem","position":3,"name":"Recrutement &amp; Executive Search"}]},{"@type":"WebSite","@id":"https:\/\/www.naos-international.com\/fr\/#website","url":"https:\/\/www.naos-international.com\/fr\/","name":"NAOS International","description":"Executive Search - Bridging Worlds, Building Careers","publisher":{"@id":"https:\/\/www.naos-international.com\/fr\/#organization"},"potentialAction":[{"@type":"SearchAction","target":{"@type":"EntryPoint","urlTemplate":"https:\/\/www.naos-international.com\/fr\/?s={search_term_string}"},"query-input":{"@type":"PropertyValueSpecification","valueRequired":true,"valueName":"search_term_string"}}],"inLanguage":"fr-FR"},{"@type":"Organization","@id":"https:\/\/www.naos-international.com\/fr\/#organization","name":"NAOS International","url":"https:\/\/www.naos-international.com\/fr\/","logo":{"@type":"ImageObject","inLanguage":"fr-FR","@id":"https:\/\/www.naos-international.com\/fr\/#\/schema\/logo\/image\/","url":"https:\/\/www.naos-international.com\/wp-content\/uploads\/2024\/03\/cropped-naos-international-favicon.png","contentUrl":"https:\/\/www.naos-international.com\/wp-content\/uploads\/2024\/03\/cropped-naos-international-favicon.png","width":512,"height":512,"caption":"NAOS International"},"image":{"@id":"https:\/\/www.naos-international.com\/fr\/#\/schema\/logo\/image\/"}}]}},"_links":{"self":[{"href":"https:\/\/www.naos-international.com\/fr\/wp-json\/wp\/v2\/pages\/3503","targetHints":{"allow":["GET"]}}],"collection":[{"href":"https:\/\/www.naos-international.com\/fr\/wp-json\/wp\/v2\/pages"}],"about":[{"href":"https:\/\/www.naos-international.com\/fr\/wp-json\/wp\/v2\/types\/page"}],"author":[{"embeddable":true,"href":"https:\/\/www.naos-international.com\/fr\/wp-json\/wp\/v2\/users\/1"}],"replies":[{"embeddable":true,"href":"https:\/\/www.naos-international.com\/fr\/wp-json\/wp\/v2\/comments?post=3503"}],"version-history":[{"count":0,"href":"https:\/\/www.naos-international.com\/fr\/wp-json\/wp\/v2\/pages\/3503\/revisions"}],"up":[{"embeddable":true,"href":"https:\/\/www.naos-international.com\/fr\/wp-json\/wp\/v2\/pages\/4115"}],"wp:attachment":[{"href":"https:\/\/www.naos-international.com\/fr\/wp-json\/wp\/v2\/media?parent=3503"}],"curies":[{"name":"wp","href":"https:\/\/api.w.org\/{rel}","templated":true}]}}