{"id":3518,"date":"2024-03-03T15:47:52","date_gmt":"2024-03-03T14:47:52","guid":{"rendered":"https:\/\/www.naos-international.com\/beaute-sante-pharmacie\/"},"modified":"2024-06-10T09:17:27","modified_gmt":"2024-06-10T07:17:27","slug":"beaute-sante-pharmacie","status":"publish","type":"page","link":"https:\/\/www.naos-international.com\/fr\/secteurs\/beaute-sante-pharmacie\/","title":{"rendered":"Beaut\u00e9, Sant\u00e9 &amp; Pharma"},"content":{"rendered":"\t\t<div data-elementor-type=\"wp-page\" data-elementor-id=\"3518\" class=\"elementor elementor-3518 elementor-2276\" data-elementor-post-type=\"page\">\n\t\t\t\t<div class=\"elementor-element elementor-element-496d92c e-flex e-con-boxed e-con e-parent\" data-id=\"496d92c\" data-element_type=\"container\" data-e-type=\"container\">\n\t\t\t\t\t<div class=\"e-con-inner\">\n\t\t\t\t<div class=\"elementor-element elementor-element-9786a10 elementor-widget elementor-widget-text-editor\" data-id=\"9786a10\" data-element_type=\"widget\" data-e-type=\"widget\" data-widget_type=\"text-editor.default\">\n\t\t\t\t<div class=\"elementor-widget-container\">\n\t\t\t\t\t\t\t\t\t<p>Notre expertise nous permet de comprendre les d\u00e9fis sp\u00e9cifiques des secteurs de la beaut\u00e9, de la sant\u00e9 et de la pharmacie. Nos consultants suivent attentivement les \u00e9volutions de ces march\u00e9s, allant de l&rsquo;innovation en mati\u00e8re de produits de beaut\u00e9 aux avanc\u00e9es m\u00e9dicales r\u00e9volutionnaires. Cette expertise nous permet d&rsquo;identifier les comp\u00e9tences essentielles requises pour les postes de direction et les experts techniques.<\/p>\n\t\t\t\t\t\t\t\t<\/div>\n\t\t\t\t<\/div>\n\t\t\t\t\t<\/div>\n\t\t\t\t<\/div>\n\t\t<div class=\"elementor-element elementor-element-6faa9abc e-flex e-con-boxed e-con e-parent\" data-id=\"6faa9abc\" data-element_type=\"container\" data-e-type=\"container\" data-settings=\"{&quot;background_background&quot;:&quot;classic&quot;}\">\n\t\t\t\t\t<div class=\"e-con-inner\">\n\t\t<div class=\"elementor-element elementor-element-5c562b1d e-con-full e-flex e-con e-child\" data-id=\"5c562b1d\" data-element_type=\"container\" data-e-type=\"container\">\n\t\t\t\t<div class=\"elementor-element elementor-element-230a47c7 elementor-widget elementor-widget-heading\" data-id=\"230a47c7\" data-element_type=\"widget\" data-e-type=\"widget\" data-widget_type=\"heading.default\">\n\t\t\t\t<div class=\"elementor-widget-container\">\n\t\t\t\t\t<h2 class=\"elementor-heading-title elementor-size-default\">Solutions sur-mesure<\/h2>\t\t\t\t<\/div>\n\t\t\t\t<\/div>\n\t\t\t\t<div class=\"elementor-element elementor-element-32b3fa58 elementor-widget elementor-widget-text-editor\" data-id=\"32b3fa58\" data-element_type=\"widget\" data-e-type=\"widget\" data-widget_type=\"text-editor.default\">\n\t\t\t\t<div class=\"elementor-widget-container\">\n\t\t\t\t\t\t\t\t\t<p>Chez NAOS International, nous comprenons que chaque entreprise est unique, avec ses propres d\u00e9fis et besoins en mati\u00e8re de recrutement de cadres dirigeants. C&rsquo;est pourquoi nous proposons des solutions sur mesure, adapt\u00e9es \u00e0 votre culture d&rsquo;entreprise et \u00e0 vos objectifs. Que vous recherchiez un Directeur G\u00e9n\u00e9ral, un Business Unit Manager pour l\u2019un de vos pays, un Directeur de la Qualit\u00e9\/ R&amp;D ou un chef de projet dans la recherche scientifique, notre \u00e9quipe est pr\u00eate \u00e0 collaborer avec vous pour trouver des leaders qui incarnent votre vision.<\/p>\n<p>Notre r\u00e9putation d&rsquo;excellence en mati\u00e8re de recrutement de cadres dirigeants repose sur notre capacit\u00e9 \u00e0 identifier, \u00e9valuer et placer des leaders pertinents pour votre organisation. Nous sommes fiers de notre engagement envers la confidentialit\u00e9, l&rsquo;int\u00e9grit\u00e9, et la satisfaction de nos clients.<\/p>\n\t\t\t\t\t\t\t\t<\/div>\n\t\t\t\t<\/div>\n\t\t\t\t<\/div>\n\t\t\t\t<div class=\"elementor-element elementor-element-471bcbdc elementor-widget__width-initial elementor-widget-tablet__width-inherit elementor-widget elementor-widget-image\" data-id=\"471bcbdc\" data-element_type=\"widget\" data-e-type=\"widget\" data-widget_type=\"image.default\">\n\t\t\t\t<div class=\"elementor-widget-container\">\n\t\t\t\t\t\t\t\t\t\t\t\t\t\t\t<img fetchpriority=\"high\" decoding=\"async\" width=\"827\" height=\"1024\" src=\"https:\/\/www.naos-international.com\/wp-content\/uploads\/2024\/03\/Design-sans-titre-24-827x1024.png\" class=\"attachment-large size-large wp-image-3287\" alt=\"\" srcset=\"https:\/\/www.naos-international.com\/wp-content\/uploads\/2024\/03\/Design-sans-titre-24-827x1024.png 827w, https:\/\/www.naos-international.com\/wp-content\/uploads\/2024\/03\/Design-sans-titre-24-242x300.png 242w, https:\/\/www.naos-international.com\/wp-content\/uploads\/2024\/03\/Design-sans-titre-24-768x951.png 768w, https:\/\/www.naos-international.com\/wp-content\/uploads\/2024\/03\/Design-sans-titre-24.png 945w\" sizes=\"(max-width: 827px) 100vw, 827px\" \/>\t\t\t\t\t\t\t\t\t\t\t\t\t\t\t<\/div>\n\t\t\t\t<\/div>\n\t\t\t\t\t<\/div>\n\t\t\t\t<\/div>\n\t\t<div class=\"elementor-element elementor-element-666124d e-flex e-con-boxed e-con e-parent\" data-id=\"666124d\" data-element_type=\"container\" data-e-type=\"container\">\n\t\t\t\t\t<div class=\"e-con-inner\">\n\t\t\t\t<div class=\"elementor-element elementor-element-31ff594 elementor-widget elementor-widget-heading\" data-id=\"31ff594\" data-element_type=\"widget\" data-e-type=\"widget\" data-widget_type=\"heading.default\">\n\t\t\t\t<div class=\"elementor-widget-container\">\n\t\t\t\t\t<h2 class=\"elementor-heading-title elementor-size-default\">Insights du secteur<\/h2>\t\t\t\t<\/div>\n\t\t\t\t<\/div>\n\t\t\t\t<div class=\"elementor-element elementor-element-f641ec4 elementor-widget elementor-widget-text-editor\" data-id=\"f641ec4\" data-element_type=\"widget\" data-e-type=\"widget\" data-widget_type=\"text-editor.default\">\n\t\t\t\t<div class=\"elementor-widget-container\">\n\t\t\t\t\t\t\t\t\t<p>\u201cDans le domaine pharmaceutique, la croissance durable persiste pour les ann\u00e9es \u00e0 venir, principalement stimul\u00e9e par les march\u00e9s am\u00e9ricain et europ\u00e9en, avec un accent marqu\u00e9 sur l&rsquo;innovation. Des march\u00e9s \u00e9mergents tels que l&rsquo;Inde, le Br\u00e9sil et la Turquie afficheront une croissance significative en volume et en valeur. Les grandes entreprises du secteur se positionnent strat\u00e9giquement pour r\u00e9pondre de pr\u00e8s aux besoins de leurs march\u00e9s, consommateurs et patients, tout en exprimant un int\u00e9r\u00eat croissant pour les biotechnologies capables d&rsquo;int\u00e9grer l&rsquo;intelligence artificielle pour une d\u00e9tection pr\u00e9coce des maladies et une optimisation des co\u00fbts de d\u00e9veloppement de nouvelles mol\u00e9cules. Les dirigeants du secteur sont confront\u00e9s \u00e0 une densit\u00e9 croissante de donn\u00e9es, n\u00e9cessitant une r\u00e9flexion et une expertise plus pr\u00e9cise pour des prises de d\u00e9cisions \u00e9clair\u00e9es.<\/p>\n<p>Dans l&rsquo;industrie de la beaut\u00e9, la convergence de la technologie et de la durabilit\u00e9 guide la transformation rapide de ce secteur, avec des soins et des exp\u00e9riences clients de plus en plus personnalis\u00e9s. Les marques asiatiques et d&rsquo;Asie du Sud-Est se sont rapidement impos\u00e9es avec succ\u00e8s sur leurs march\u00e9s locaux, \u00e9tendant leur empreinte mondiale avec des produits haut-de-gamme qui captivent \u00e9galement les clientes europ\u00e9ennes. La comp\u00e9tition s&rsquo;intensifie, en particulier dans la ma\u00eetrise du canal digital, faisant de la guerre des talents un enjeu crucial. Les acteurs du secteur Beaut\u00e9 doivent s&rsquo;adapter \u00e0 cette dynamique et investir dans des profils de leadership capables de naviguer avec agilit\u00e9 dans ce paysage concurrentiel en constante \u00e9volution.\u201d<\/p>\n\t\t\t\t\t\t\t\t<\/div>\n\t\t\t\t<\/div>\n\t\t\t\t\t<\/div>\n\t\t\t\t<\/div>\n\t\t\t\t<\/div>\n\t\t","protected":false},"excerpt":{"rendered":"<p>Notre expertise nous permet de comprendre les d\u00e9fis sp\u00e9cifiques des secteurs de la beaut\u00e9, de la sant\u00e9 et de la pharmacie. Nos consultants suivent attentivement les \u00e9volutions de ces march\u00e9s, allant de l&rsquo;innovation en mati\u00e8re de produits de beaut\u00e9 aux avanc\u00e9es m\u00e9dicales r\u00e9volutionnaires. Cette expertise nous permet d&rsquo;identifier les comp\u00e9tences essentielles requises pour les postes [&hellip;]<\/p>\n","protected":false},"author":4,"featured_media":0,"parent":4311,"menu_order":0,"comment_status":"closed","ping_status":"closed","template":"","meta":{"content-type":"","footnotes":""},"class_list":["post-3518","page","type-page","status-publish","hentry"],"blocksy_meta":{"page_title_panel":"","has_hero_section":"default","e38715bb122191d12b00a4ff2f5acc0d":"","hero_section":"type-1","hero_elements":[{"id":"custom_title","enabled":true,"heading_tag":"h1","title":"Home"},{"id":"custom_description","enabled":true,"description_visibility":{"desktop":true,"tablet":true,"mobile":false}},{"id":"custom_meta","enabled":false,"meta_elements":[{"id":"author","enabled":true,"label":"By","has_author_avatar":"yes","avatar_size":25},{"id":"post_date","enabled":true,"label":"On","date_format_source":"default","date_format":"M j, Y"},{"id":"updated_date","enabled":false,"label":"On","date_format_source":"default","date_format":"M j, Y"},{"id":"categories","enabled":false,"label":"In","style":"simple"},{"id":"comments","enabled":true}],"page_meta_elements":{"joined":true,"articles_count":true,"comments":true}},{"id":"breadcrumbs","enabled":false}],"cdfdc69e127db85256160ecef73f61cf":"","hero_alignment1":"CT_CSS_SKIP_RULE","hero_margin":40,"hero_alignment2":"center","hero_vertical_alignment":"center","6fea0e66a2b5d6a4880c87191c0e3589":"","hero_structure":"narrow","caec56dac1f3124aba4f24b90c3f166d":"","page_title_bg_type":"featured_image","custom_hero_background":{"attachment_id":null},"page_title_image_size":"full","parallax":{"desktop":false,"tablet":false,"mobile":false},"07106ee7ed2e4852a96bbd1e7c3ca084":"","hero_height":"250px","pageTitleFont":{"family":"Default","variation":"Default","size":"30px","line-height":"CT_CSS_SKIP_RULE","letter-spacing":"CT_CSS_SKIP_RULE","text-transform":"CT_CSS_SKIP_RULE","text-decoration":"CT_CSS_SKIP_RULE"},"pageTitleFontColor":{"default":{"color":"CT_CSS_SKIP_RULEDEFAULT"}},"pageMetaFont":{"family":"Default","variation":"n6","size":"12px","line-height":"1.3","letter-spacing":"CT_CSS_SKIP_RULE","text-transform":"uppercase","text-decoration":"CT_CSS_SKIP_RULE"},"pageMetaFontColor":{"default":{"color":"CT_CSS_SKIP_RULEDEFAULT"},"hover":{"color":"CT_CSS_SKIP_RULEDEFAULT"}},"page_meta_button_type_font_colors":{"default":{"color":"CT_CSS_SKIP_RULEDEFAULT"},"hover":{"color":"CT_CSS_SKIP_RULEDEFAULT"}},"page_meta_button_type_background_colors":{"default":{"color":"CT_CSS_SKIP_RULEDEFAULT"},"hover":{"color":"CT_CSS_SKIP_RULEDEFAULT"}},"pageExcerptFont":{"family":"Default","variation":"Default","size":"CT_CSS_SKIP_RULE","line-height":"CT_CSS_SKIP_RULE","letter-spacing":"CT_CSS_SKIP_RULE","text-transform":"CT_CSS_SKIP_RULE","text-decoration":"CT_CSS_SKIP_RULE"},"pageExcerptColor":{"default":{"color":"CT_CSS_SKIP_RULEDEFAULT"}},"breadcrumbsFont":{"family":"Default","variation":"Default","size":"CT_CSS_SKIP_RULE","line-height":"CT_CSS_SKIP_RULE","letter-spacing":"CT_CSS_SKIP_RULE","text-transform":"CT_CSS_SKIP_RULE","text-decoration":"CT_CSS_SKIP_RULE"},"breadcrumbsFontColor":{"default":{"color":"CT_CSS_SKIP_RULEDEFAULT"},"initial":{"color":"CT_CSS_SKIP_RULEDEFAULT"},"hover":{"color":"CT_CSS_SKIP_RULEDEFAULT"}},"pageTitleOverlay":{"background_type":"color","background_pattern":"type-1","background_image":{"attachment_id":null,"x":0,"y":0},"gradient":"linear-gradient(135deg,rgba(6,147,227,1) 0%,rgb(155,81,224) 100%)","background_repeat":"repeat","background_size":"auto","background_attachment":"scroll","patternColor":{"default":{"color":"#e5e7ea"}},"overlayColor":{"default":{"color":"CT_CSS_SKIP_RULE"}},"backgroundColor":{"default":{"color":"CT_CSS_SKIP_RULE"}}},"pageTitleBackground":{"background_type":"color","background_pattern":"type-1","background_image":{"attachment_id":null,"x":0,"y":0},"gradient":"linear-gradient(135deg,rgba(6,147,227,1) 0%,rgb(155,81,224) 100%)","background_repeat":"repeat","background_size":"auto","background_attachment":"scroll","patternColor":{"default":{"color":"#e5e7ea"}},"overlayColor":{"default":{"color":"CT_CSS_SKIP_RULE"}},"backgroundColor":{"default":{"color":"var(--theme-palette-color-6)"}}},"pageTitlePadding":{"top":"50px","bottom":"50px","left":"auto","right":"auto","linked":true},"8731634cc32e95e0be09e75dbf703b3f":"","page_structure_type":"default","6ef7870ac163491031ebf652adea8358":"","content_style_source":"inherit","content_style":"wide","vertical_spacing_source":"custom","content_area_spacing":"none","background":{"background_type":"color","background_pattern":"type-1","background_image":{"attachment_id":null,"x":0,"y":0},"gradient":"linear-gradient(135deg,rgba(6,147,227,1) 0%,rgb(155,81,224) 100%)","background_repeat":"repeat","background_size":"auto","background_attachment":"scroll","patternColor":{"default":{"color":"#e5e7ea"}},"overlayColor":{"default":{"color":"CT_CSS_SKIP_RULE"}},"backgroundColor":{"default":{"color":"CT_CSS_SKIP_RULE"}}},"content_background":{"background_type":"color","background_pattern":"type-1","background_image":{"attachment_id":null,"x":0,"y":0},"gradient":"linear-gradient(135deg,rgba(6,147,227,1) 0%,rgb(155,81,224) 100%)","background_repeat":"repeat","background_size":"auto","background_attachment":"scroll","patternColor":{"default":{"color":"#e5e7ea"}},"overlayColor":{"default":{"color":"CT_CSS_SKIP_RULE"}},"backgroundColor":{"default":{"color":"var(--theme-palette-color-8)"}}},"content_boxed_shadow":{"inherit":false,"blur":18,"spread":-6,"v_offset":12,"h_offset":0,"inset":false,"enable":true,"color":{"color":"rgba(34, 56, 101, 0.04)"}},"content_boxed_border":{"width":1,"style":"none","color":{"color":"rgba(44,62,80,0.2)"}},"content_boxed_radius":{"top":"3px","bottom":"3px","left":"3px","right":"3px","linked":true},"boxed_content_spacing":{"desktop":{"top":"40px","bottom":"40px","left":"40px","right":"40px","linked":true},"tablet":{"top":"35px","bottom":"35px","left":"35px","right":"35px","linked":true},"mobile":{"top":"20px","bottom":"20px","left":"20px","right":"20px","linked":true}},"36b606f0b937718d397a640df4fa4b31":"","disable_featured_image":"no","disable_share_box":"no","disable_header":"no","disable_footer":"no","styles_descriptor":{"styles":{"desktop":"","tablet":"","mobile":""},"google_fonts":[],"version":6}},"yoast_head":"<!-- This site is optimized with the Yoast SEO plugin v27.5 - https:\/\/yoast.com\/product\/yoast-seo-wordpress\/ -->\n<title>Beaut\u00e9, Sant\u00e9 &amp; Pharma | NAOS International<\/title>\n<meta name=\"description\" content=\"Nos solutions de recrutement sp\u00e9cialis\u00e9es permettent de trouver les meilleurs talents dans les secteurs de la beaut\u00e9, de la sant\u00e9 et de la pharmacie, favorisant ainsi l&#039;innovation et l&#039;excellence dans ces secteurs.\" \/>\n<meta name=\"robots\" content=\"index, follow, max-snippet:-1, max-image-preview:large, max-video-preview:-1\" \/>\n<link rel=\"canonical\" href=\"https:\/\/www.naos-international.com\/fr\/secteurs\/beaute-sante-pharmacie\/\" \/>\n<meta property=\"og:locale\" content=\"fr_FR\" \/>\n<meta property=\"og:type\" content=\"article\" \/>\n<meta property=\"og:title\" content=\"Beaut\u00e9, Sant\u00e9 &amp; Pharma | NAOS International\" \/>\n<meta property=\"og:description\" content=\"Nos solutions de recrutement sp\u00e9cialis\u00e9es permettent de trouver les meilleurs talents dans les secteurs de la beaut\u00e9, de la sant\u00e9 et de la pharmacie, favorisant ainsi l&#039;innovation et l&#039;excellence dans ces secteurs.\" \/>\n<meta property=\"og:url\" content=\"https:\/\/www.naos-international.com\/fr\/secteurs\/beaute-sante-pharmacie\/\" \/>\n<meta property=\"og:site_name\" content=\"NAOS International\" \/>\n<meta property=\"article:modified_time\" content=\"2024-06-10T07:17:27+00:00\" \/>\n<meta property=\"og:image\" content=\"https:\/\/www.naos-international.com\/wp-content\/uploads\/2024\/03\/Design-sans-titre-24-827x1024.png\" \/>\n<meta name=\"twitter:card\" content=\"summary_large_image\" \/>\n<meta name=\"twitter:label1\" content=\"Dur\u00e9e de lecture estim\u00e9e\" \/>\n\t<meta name=\"twitter:data1\" content=\"3 minutes\" \/>\n<script type=\"application\/ld+json\" class=\"yoast-schema-graph\">{\"@context\":\"https:\\\/\\\/schema.org\",\"@graph\":[{\"@type\":\"WebPage\",\"@id\":\"https:\\\/\\\/www.naos-international.com\\\/fr\\\/secteurs\\\/beaute-sante-pharmacie\\\/\",\"url\":\"https:\\\/\\\/www.naos-international.com\\\/fr\\\/secteurs\\\/beaute-sante-pharmacie\\\/\",\"name\":\"Beaut\u00e9, Sant\u00e9 &amp; Pharma | NAOS International\",\"isPartOf\":{\"@id\":\"https:\\\/\\\/www.naos-international.com\\\/fr\\\/#website\"},\"primaryImageOfPage\":{\"@id\":\"https:\\\/\\\/www.naos-international.com\\\/fr\\\/secteurs\\\/beaute-sante-pharmacie\\\/#primaryimage\"},\"image\":{\"@id\":\"https:\\\/\\\/www.naos-international.com\\\/fr\\\/secteurs\\\/beaute-sante-pharmacie\\\/#primaryimage\"},\"thumbnailUrl\":\"https:\\\/\\\/www.naos-international.com\\\/wp-content\\\/uploads\\\/2024\\\/03\\\/Design-sans-titre-24-827x1024.png\",\"datePublished\":\"2024-03-03T14:47:52+00:00\",\"dateModified\":\"2024-06-10T07:17:27+00:00\",\"description\":\"Nos solutions de recrutement sp\u00e9cialis\u00e9es permettent de trouver les meilleurs talents dans les secteurs de la beaut\u00e9, de la sant\u00e9 et de la pharmacie, favorisant ainsi l'innovation et l'excellence dans ces secteurs.\",\"breadcrumb\":{\"@id\":\"https:\\\/\\\/www.naos-international.com\\\/fr\\\/secteurs\\\/beaute-sante-pharmacie\\\/#breadcrumb\"},\"inLanguage\":\"fr-FR\",\"potentialAction\":[{\"@type\":\"ReadAction\",\"target\":[\"https:\\\/\\\/www.naos-international.com\\\/fr\\\/secteurs\\\/beaute-sante-pharmacie\\\/\"]}]},{\"@type\":\"ImageObject\",\"inLanguage\":\"fr-FR\",\"@id\":\"https:\\\/\\\/www.naos-international.com\\\/fr\\\/secteurs\\\/beaute-sante-pharmacie\\\/#primaryimage\",\"url\":\"https:\\\/\\\/www.naos-international.com\\\/wp-content\\\/uploads\\\/2024\\\/03\\\/Design-sans-titre-24-827x1024.png\",\"contentUrl\":\"https:\\\/\\\/www.naos-international.com\\\/wp-content\\\/uploads\\\/2024\\\/03\\\/Design-sans-titre-24-827x1024.png\"},{\"@type\":\"BreadcrumbList\",\"@id\":\"https:\\\/\\\/www.naos-international.com\\\/fr\\\/secteurs\\\/beaute-sante-pharmacie\\\/#breadcrumb\",\"itemListElement\":[{\"@type\":\"ListItem\",\"position\":1,\"name\":\"Home\",\"item\":\"https:\\\/\\\/www.naos-international.com\\\/fr\\\/\"},{\"@type\":\"ListItem\",\"position\":2,\"name\":\"Secteurs\",\"item\":\"https:\\\/\\\/www.naos-international.com\\\/fr\\\/sectors\\\/\"},{\"@type\":\"ListItem\",\"position\":3,\"name\":\"Beaut\u00e9, Sant\u00e9 &amp; Pharma\"}]},{\"@type\":\"WebSite\",\"@id\":\"https:\\\/\\\/www.naos-international.com\\\/fr\\\/#website\",\"url\":\"https:\\\/\\\/www.naos-international.com\\\/fr\\\/\",\"name\":\"NAOS International\",\"description\":\"Executive Search - Bridging Worlds, Building Careers\",\"publisher\":{\"@id\":\"https:\\\/\\\/www.naos-international.com\\\/fr\\\/#organization\"},\"potentialAction\":[{\"@type\":\"SearchAction\",\"target\":{\"@type\":\"EntryPoint\",\"urlTemplate\":\"https:\\\/\\\/www.naos-international.com\\\/fr\\\/?s={search_term_string}\"},\"query-input\":{\"@type\":\"PropertyValueSpecification\",\"valueRequired\":true,\"valueName\":\"search_term_string\"}}],\"inLanguage\":\"fr-FR\"},{\"@type\":\"Organization\",\"@id\":\"https:\\\/\\\/www.naos-international.com\\\/fr\\\/#organization\",\"name\":\"NAOS International\",\"url\":\"https:\\\/\\\/www.naos-international.com\\\/fr\\\/\",\"logo\":{\"@type\":\"ImageObject\",\"inLanguage\":\"fr-FR\",\"@id\":\"https:\\\/\\\/www.naos-international.com\\\/fr\\\/#\\\/schema\\\/logo\\\/image\\\/\",\"url\":\"https:\\\/\\\/www.naos-international.com\\\/wp-content\\\/uploads\\\/2024\\\/03\\\/cropped-naos-international-favicon.png\",\"contentUrl\":\"https:\\\/\\\/www.naos-international.com\\\/wp-content\\\/uploads\\\/2024\\\/03\\\/cropped-naos-international-favicon.png\",\"width\":512,\"height\":512,\"caption\":\"NAOS International\"},\"image\":{\"@id\":\"https:\\\/\\\/www.naos-international.com\\\/fr\\\/#\\\/schema\\\/logo\\\/image\\\/\"}}]}<\/script>\n<!-- \/ Yoast SEO plugin. -->","yoast_head_json":{"title":"Beaut\u00e9, Sant\u00e9 &amp; Pharma | NAOS International","description":"Nos solutions de recrutement sp\u00e9cialis\u00e9es permettent de trouver les meilleurs talents dans les secteurs de la beaut\u00e9, de la sant\u00e9 et de la pharmacie, favorisant ainsi l'innovation et l'excellence dans ces secteurs.","robots":{"index":"index","follow":"follow","max-snippet":"max-snippet:-1","max-image-preview":"max-image-preview:large","max-video-preview":"max-video-preview:-1"},"canonical":"https:\/\/www.naos-international.com\/fr\/secteurs\/beaute-sante-pharmacie\/","og_locale":"fr_FR","og_type":"article","og_title":"Beaut\u00e9, Sant\u00e9 &amp; Pharma | NAOS International","og_description":"Nos solutions de recrutement sp\u00e9cialis\u00e9es permettent de trouver les meilleurs talents dans les secteurs de la beaut\u00e9, de la sant\u00e9 et de la pharmacie, favorisant ainsi l'innovation et l'excellence dans ces secteurs.","og_url":"https:\/\/www.naos-international.com\/fr\/secteurs\/beaute-sante-pharmacie\/","og_site_name":"NAOS International","article_modified_time":"2024-06-10T07:17:27+00:00","og_image":[{"url":"https:\/\/www.naos-international.com\/wp-content\/uploads\/2024\/03\/Design-sans-titre-24-827x1024.png","type":"","width":"","height":""}],"twitter_card":"summary_large_image","twitter_misc":{"Dur\u00e9e de lecture estim\u00e9e":"3 minutes"},"schema":{"@context":"https:\/\/schema.org","@graph":[{"@type":"WebPage","@id":"https:\/\/www.naos-international.com\/fr\/secteurs\/beaute-sante-pharmacie\/","url":"https:\/\/www.naos-international.com\/fr\/secteurs\/beaute-sante-pharmacie\/","name":"Beaut\u00e9, Sant\u00e9 &amp; Pharma | NAOS International","isPartOf":{"@id":"https:\/\/www.naos-international.com\/fr\/#website"},"primaryImageOfPage":{"@id":"https:\/\/www.naos-international.com\/fr\/secteurs\/beaute-sante-pharmacie\/#primaryimage"},"image":{"@id":"https:\/\/www.naos-international.com\/fr\/secteurs\/beaute-sante-pharmacie\/#primaryimage"},"thumbnailUrl":"https:\/\/www.naos-international.com\/wp-content\/uploads\/2024\/03\/Design-sans-titre-24-827x1024.png","datePublished":"2024-03-03T14:47:52+00:00","dateModified":"2024-06-10T07:17:27+00:00","description":"Nos solutions de recrutement sp\u00e9cialis\u00e9es permettent de trouver les meilleurs talents dans les secteurs de la beaut\u00e9, de la sant\u00e9 et de la pharmacie, favorisant ainsi l'innovation et l'excellence dans ces secteurs.","breadcrumb":{"@id":"https:\/\/www.naos-international.com\/fr\/secteurs\/beaute-sante-pharmacie\/#breadcrumb"},"inLanguage":"fr-FR","potentialAction":[{"@type":"ReadAction","target":["https:\/\/www.naos-international.com\/fr\/secteurs\/beaute-sante-pharmacie\/"]}]},{"@type":"ImageObject","inLanguage":"fr-FR","@id":"https:\/\/www.naos-international.com\/fr\/secteurs\/beaute-sante-pharmacie\/#primaryimage","url":"https:\/\/www.naos-international.com\/wp-content\/uploads\/2024\/03\/Design-sans-titre-24-827x1024.png","contentUrl":"https:\/\/www.naos-international.com\/wp-content\/uploads\/2024\/03\/Design-sans-titre-24-827x1024.png"},{"@type":"BreadcrumbList","@id":"https:\/\/www.naos-international.com\/fr\/secteurs\/beaute-sante-pharmacie\/#breadcrumb","itemListElement":[{"@type":"ListItem","position":1,"name":"Home","item":"https:\/\/www.naos-international.com\/fr\/"},{"@type":"ListItem","position":2,"name":"Secteurs","item":"https:\/\/www.naos-international.com\/fr\/sectors\/"},{"@type":"ListItem","position":3,"name":"Beaut\u00e9, Sant\u00e9 &amp; Pharma"}]},{"@type":"WebSite","@id":"https:\/\/www.naos-international.com\/fr\/#website","url":"https:\/\/www.naos-international.com\/fr\/","name":"NAOS International","description":"Executive Search - Bridging Worlds, Building Careers","publisher":{"@id":"https:\/\/www.naos-international.com\/fr\/#organization"},"potentialAction":[{"@type":"SearchAction","target":{"@type":"EntryPoint","urlTemplate":"https:\/\/www.naos-international.com\/fr\/?s={search_term_string}"},"query-input":{"@type":"PropertyValueSpecification","valueRequired":true,"valueName":"search_term_string"}}],"inLanguage":"fr-FR"},{"@type":"Organization","@id":"https:\/\/www.naos-international.com\/fr\/#organization","name":"NAOS International","url":"https:\/\/www.naos-international.com\/fr\/","logo":{"@type":"ImageObject","inLanguage":"fr-FR","@id":"https:\/\/www.naos-international.com\/fr\/#\/schema\/logo\/image\/","url":"https:\/\/www.naos-international.com\/wp-content\/uploads\/2024\/03\/cropped-naos-international-favicon.png","contentUrl":"https:\/\/www.naos-international.com\/wp-content\/uploads\/2024\/03\/cropped-naos-international-favicon.png","width":512,"height":512,"caption":"NAOS International"},"image":{"@id":"https:\/\/www.naos-international.com\/fr\/#\/schema\/logo\/image\/"}}]}},"_links":{"self":[{"href":"https:\/\/www.naos-international.com\/fr\/wp-json\/wp\/v2\/pages\/3518","targetHints":{"allow":["GET"]}}],"collection":[{"href":"https:\/\/www.naos-international.com\/fr\/wp-json\/wp\/v2\/pages"}],"about":[{"href":"https:\/\/www.naos-international.com\/fr\/wp-json\/wp\/v2\/types\/page"}],"author":[{"embeddable":true,"href":"https:\/\/www.naos-international.com\/fr\/wp-json\/wp\/v2\/users\/4"}],"replies":[{"embeddable":true,"href":"https:\/\/www.naos-international.com\/fr\/wp-json\/wp\/v2\/comments?post=3518"}],"version-history":[{"count":0,"href":"https:\/\/www.naos-international.com\/fr\/wp-json\/wp\/v2\/pages\/3518\/revisions"}],"up":[{"embeddable":true,"href":"https:\/\/www.naos-international.com\/fr\/wp-json\/wp\/v2\/pages\/4311"}],"wp:attachment":[{"href":"https:\/\/www.naos-international.com\/fr\/wp-json\/wp\/v2\/media?parent=3518"}],"curies":[{"name":"wp","href":"https:\/\/api.w.org\/{rel}","templated":true}]}}