{"id":3521,"date":"2024-03-03T15:48:40","date_gmt":"2024-03-03T14:48:40","guid":{"rendered":"https:\/\/www.naos-international.com\/eau-energie-transports\/"},"modified":"2024-09-25T08:41:59","modified_gmt":"2024-09-25T06:41:59","slug":"eau-energie-transports","status":"publish","type":"page","link":"https:\/\/www.naos-international.com\/fr\/secteurs\/eau-energie-transports\/","title":{"rendered":"Environnement, Eau, \u00c9nergie  Transports"},"content":{"rendered":"\t\t<div data-elementor-type=\"wp-page\" data-elementor-id=\"3521\" class=\"elementor elementor-3521 elementor-2278\" data-elementor-post-type=\"page\">\n\t\t\t\t<div class=\"elementor-element elementor-element-3504dbe6 e-flex e-con-boxed e-con e-parent\" data-id=\"3504dbe6\" data-element_type=\"container\" data-e-type=\"container\" data-settings=\"{&quot;background_background&quot;:&quot;classic&quot;}\">\n\t\t\t\t\t<div class=\"e-con-inner\">\n\t\t<div class=\"elementor-element elementor-element-4cadeaba e-con-full e-flex e-con e-child\" data-id=\"4cadeaba\" data-element_type=\"container\" data-e-type=\"container\">\n\t\t\t\t<div class=\"elementor-element elementor-element-5cb0afb6 elementor-widget elementor-widget-text-editor\" data-id=\"5cb0afb6\" data-element_type=\"widget\" data-e-type=\"widget\" data-widget_type=\"text-editor.default\">\n\t\t\t\t<div class=\"elementor-widget-container\">\n\t\t\t\t\t\t\t\t\tNotre \u00e9quipe dispose d\u2019une exp\u00e9rience acquise depuis la cr\u00e9ation du cabinet sur ces domaines d\u2019activit\u00e9. Nos consultants suivent de pr\u00e8s les avanc\u00e9es technologiques, les r\u00e9glementations en constante \u00e9volution et les questions environnementales, ce qui leur permet d&rsquo;identifier les comp\u00e9tences essentielles requises pour les postes de direction. Nous savons que chaque entreprise, qu\u2019elle soit publique, priv\u00e9e ou en partenariat Public Priv\u00e9 (PPP) en France comme \u00e0 l\u2019international, a ses d\u00e9fis en mati\u00e8re de recrutements de cadres et cadres dirigeants. C&rsquo;est pourquoi nous proposons des solutions de recrutement sur mesure, adapt\u00e9es \u00e0 la culture de votre entreprise et \u00e0 vos objectifs sp\u00e9cifiques. Que vous cherchiez un directeur g\u00e9n\u00e9ral pour une entreprise de transports, un directeur technique pour une compagnie d&rsquo;\u00e9nergie renouvelable, ou un directeur de l&rsquo;ing\u00e9nierie pour une soci\u00e9t\u00e9 de traitement de l&rsquo;eau, notre \u00e9quipe est pr\u00eate \u00e0 travailler en partenariat avec vous pour trouver les leaders qui incarneront votre vision. Notre r\u00e9putation d&rsquo;excellence en mati\u00e8re de recrutement de cadres dirigeants repose sur notre capacit\u00e9 \u00e0 identifier, \u00e9valuer et placer des leaders exceptionnels dans les secteurs de l&rsquo;eau, de l&rsquo;\u00e9nergie et des transports. Nous sommes fiers de notre engagement envers la confidentialit\u00e9, l&rsquo;int\u00e9grit\u00e9, et la satisfaction de nos clients.\t\t\t\t\t\t\t\t<\/div>\n\t\t\t\t<\/div>\n\t\t\t\t<\/div>\n\t\t\t\t<div class=\"elementor-element elementor-element-2037bcd2 elementor-widget__width-initial elementor-widget-tablet__width-inherit elementor-widget elementor-widget-image\" data-id=\"2037bcd2\" data-element_type=\"widget\" data-e-type=\"widget\" data-widget_type=\"image.default\">\n\t\t\t\t<div class=\"elementor-widget-container\">\n\t\t\t\t\t\t\t\t\t\t\t\t\t\t\t<img fetchpriority=\"high\" decoding=\"async\" width=\"827\" height=\"1024\" src=\"https:\/\/www.naos-international.com\/wp-content\/uploads\/2024\/03\/Design-sans-titre-25-827x1024.png\" class=\"attachment-large size-large wp-image-3292\" alt=\"\" srcset=\"https:\/\/www.naos-international.com\/wp-content\/uploads\/2024\/03\/Design-sans-titre-25-827x1024.png 827w, https:\/\/www.naos-international.com\/wp-content\/uploads\/2024\/03\/Design-sans-titre-25-242x300.png 242w, https:\/\/www.naos-international.com\/wp-content\/uploads\/2024\/03\/Design-sans-titre-25-768x951.png 768w, https:\/\/www.naos-international.com\/wp-content\/uploads\/2024\/03\/Design-sans-titre-25.png 945w\" sizes=\"(max-width: 827px) 100vw, 827px\" \/>\t\t\t\t\t\t\t\t\t\t\t\t\t\t\t<\/div>\n\t\t\t\t<\/div>\n\t\t\t\t\t<\/div>\n\t\t\t\t<\/div>\n\t\t<div class=\"elementor-element elementor-element-666124d e-flex e-con-boxed e-con e-parent\" data-id=\"666124d\" data-element_type=\"container\" data-e-type=\"container\">\n\t\t\t\t\t<div class=\"e-con-inner\">\n\t\t\t\t<div class=\"elementor-element elementor-element-2ba4918 elementor-widget elementor-widget-heading\" data-id=\"2ba4918\" data-element_type=\"widget\" data-e-type=\"widget\" data-widget_type=\"heading.default\">\n\t\t\t\t<div class=\"elementor-widget-container\">\n\t\t\t\t\t<h2 class=\"elementor-heading-title elementor-size-default\">Insights du secteur<\/h2>\t\t\t\t<\/div>\n\t\t\t\t<\/div>\n\t\t\t\t<div class=\"elementor-element elementor-element-afa7c3c elementor-widget elementor-widget-text-editor\" data-id=\"afa7c3c\" data-element_type=\"widget\" data-e-type=\"widget\" data-widget_type=\"text-editor.default\">\n\t\t\t\t<div class=\"elementor-widget-container\">\n\t\t\t\t\t\t\t\t\t<p>\u201cDans le contexte de la mobilit\u00e9 durable et de la transition \u00e9cologique, le paysage \u00e9volue rapidement avec des initiatives telles que l&rsquo;\u00e9lectrification des flottes, l&rsquo;utilisation du biogaz, et la r\u00e9duction de l&#8217;empreinte carbone.<\/p>\n<p>Les modes de transport se diversifient, incluant la mobilit\u00e9 douce avec des options en milieu urbain telles que le v\u00e9lo, la trottinette, la marche, ou le covoiturage. La connectivit\u00e9 et l&rsquo;int\u00e9gration de nouvelles technologies jouent un r\u00f4le central dans la red\u00e9finition de la mobilit\u00e9. La p\u00e9riode post-Covid a g\u00e9n\u00e9r\u00e9 des besoins accrus de mobilit\u00e9, notamment li\u00e9s au t\u00e9l\u00e9travail, cr\u00e9ant ainsi une demande pour des offres plus diversifi\u00e9es et des solutions de transport plus efficaces\u201d<\/p>\n\t\t\t\t\t\t\t\t<\/div>\n\t\t\t\t<\/div>\n\t\t\t\t\t<\/div>\n\t\t\t\t<\/div>\n\t\t\t\t<\/div>\n\t\t","protected":false},"excerpt":{"rendered":"<p>Notre \u00e9quipe dispose d\u2019une exp\u00e9rience acquise depuis la cr\u00e9ation du cabinet sur ces domaines d\u2019activit\u00e9. Nos consultants suivent de pr\u00e8s les avanc\u00e9es technologiques, les r\u00e9glementations en constante \u00e9volution et les questions environnementales, ce qui leur permet d&rsquo;identifier les comp\u00e9tences essentielles requises pour les postes de direction. Nous savons que chaque entreprise, qu\u2019elle soit publique, priv\u00e9e [&hellip;]<\/p>\n","protected":false},"author":4,"featured_media":0,"parent":4311,"menu_order":0,"comment_status":"closed","ping_status":"closed","template":"","meta":{"content-type":"","footnotes":""},"class_list":["post-3521","page","type-page","status-publish","hentry"],"blocksy_meta":{"page_title_panel":"","has_hero_section":"default","e38715bb122191d12b00a4ff2f5acc0d":"","hero_section":"type-1","hero_elements":[{"id":"custom_title","enabled":true,"heading_tag":"h1","title":"Home"},{"id":"custom_description","enabled":true,"description_visibility":{"desktop":true,"tablet":true,"mobile":false}},{"id":"custom_meta","enabled":false,"meta_elements":[{"id":"author","enabled":true,"label":"By","has_author_avatar":"yes","avatar_size":25},{"id":"post_date","enabled":true,"label":"On","date_format_source":"default","date_format":"M j, Y"},{"id":"updated_date","enabled":false,"label":"On","date_format_source":"default","date_format":"M j, Y"},{"id":"categories","enabled":false,"label":"In","style":"simple"},{"id":"comments","enabled":true}],"page_meta_elements":{"joined":true,"articles_count":true,"comments":true}},{"id":"breadcrumbs","enabled":false}],"cdfdc69e127db85256160ecef73f61cf":"","hero_alignment1":"CT_CSS_SKIP_RULE","hero_margin":40,"hero_alignment2":"center","hero_vertical_alignment":"center","6fea0e66a2b5d6a4880c87191c0e3589":"","hero_structure":"narrow","caec56dac1f3124aba4f24b90c3f166d":"","page_title_bg_type":"featured_image","custom_hero_background":{"attachment_id":null},"page_title_image_size":"full","parallax":{"desktop":false,"tablet":false,"mobile":false},"07106ee7ed2e4852a96bbd1e7c3ca084":"","hero_height":"250px","pageTitleFont":{"family":"Default","variation":"Default","size":"30px","line-height":"CT_CSS_SKIP_RULE","letter-spacing":"CT_CSS_SKIP_RULE","text-transform":"CT_CSS_SKIP_RULE","text-decoration":"CT_CSS_SKIP_RULE"},"pageTitleFontColor":{"default":{"color":"CT_CSS_SKIP_RULEDEFAULT"}},"pageMetaFont":{"family":"Default","variation":"n6","size":"12px","line-height":"1.3","letter-spacing":"CT_CSS_SKIP_RULE","text-transform":"uppercase","text-decoration":"CT_CSS_SKIP_RULE"},"pageMetaFontColor":{"default":{"color":"CT_CSS_SKIP_RULEDEFAULT"},"hover":{"color":"CT_CSS_SKIP_RULEDEFAULT"}},"page_meta_button_type_font_colors":{"default":{"color":"CT_CSS_SKIP_RULEDEFAULT"},"hover":{"color":"CT_CSS_SKIP_RULEDEFAULT"}},"page_meta_button_type_background_colors":{"default":{"color":"CT_CSS_SKIP_RULEDEFAULT"},"hover":{"color":"CT_CSS_SKIP_RULEDEFAULT"}},"pageExcerptFont":{"family":"Default","variation":"Default","size":"CT_CSS_SKIP_RULE","line-height":"CT_CSS_SKIP_RULE","letter-spacing":"CT_CSS_SKIP_RULE","text-transform":"CT_CSS_SKIP_RULE","text-decoration":"CT_CSS_SKIP_RULE"},"pageExcerptColor":{"default":{"color":"CT_CSS_SKIP_RULEDEFAULT"}},"breadcrumbsFont":{"family":"Default","variation":"Default","size":"CT_CSS_SKIP_RULE","line-height":"CT_CSS_SKIP_RULE","letter-spacing":"CT_CSS_SKIP_RULE","text-transform":"CT_CSS_SKIP_RULE","text-decoration":"CT_CSS_SKIP_RULE"},"breadcrumbsFontColor":{"default":{"color":"CT_CSS_SKIP_RULEDEFAULT"},"initial":{"color":"CT_CSS_SKIP_RULEDEFAULT"},"hover":{"color":"CT_CSS_SKIP_RULEDEFAULT"}},"pageTitleOverlay":{"background_type":"color","background_pattern":"type-1","background_image":{"attachment_id":null,"x":0,"y":0},"gradient":"linear-gradient(135deg,rgba(6,147,227,1) 0%,rgb(155,81,224) 100%)","background_repeat":"repeat","background_size":"auto","background_attachment":"scroll","patternColor":{"default":{"color":"#e5e7ea"}},"overlayColor":{"default":{"color":"CT_CSS_SKIP_RULE"}},"backgroundColor":{"default":{"color":"CT_CSS_SKIP_RULE"}}},"pageTitleBackground":{"background_type":"color","background_pattern":"type-1","background_image":{"attachment_id":null,"x":0,"y":0},"gradient":"linear-gradient(135deg,rgba(6,147,227,1) 0%,rgb(155,81,224) 100%)","background_repeat":"repeat","background_size":"auto","background_attachment":"scroll","patternColor":{"default":{"color":"#e5e7ea"}},"overlayColor":{"default":{"color":"CT_CSS_SKIP_RULE"}},"backgroundColor":{"default":{"color":"var(--theme-palette-color-6)"}}},"pageTitlePadding":{"top":"50px","bottom":"50px","left":"auto","right":"auto","linked":true},"8731634cc32e95e0be09e75dbf703b3f":"","page_structure_type":"default","6ef7870ac163491031ebf652adea8358":"","content_style_source":"inherit","content_style":"wide","vertical_spacing_source":"custom","content_area_spacing":"none","background":{"background_type":"color","background_pattern":"type-1","background_image":{"attachment_id":null,"x":0,"y":0},"gradient":"linear-gradient(135deg,rgba(6,147,227,1) 0%,rgb(155,81,224) 100%)","background_repeat":"repeat","background_size":"auto","background_attachment":"scroll","patternColor":{"default":{"color":"#e5e7ea"}},"overlayColor":{"default":{"color":"CT_CSS_SKIP_RULE"}},"backgroundColor":{"default":{"color":"CT_CSS_SKIP_RULE"}}},"content_background":{"background_type":"color","background_pattern":"type-1","background_image":{"attachment_id":null,"x":0,"y":0},"gradient":"linear-gradient(135deg,rgba(6,147,227,1) 0%,rgb(155,81,224) 100%)","background_repeat":"repeat","background_size":"auto","background_attachment":"scroll","patternColor":{"default":{"color":"#e5e7ea"}},"overlayColor":{"default":{"color":"CT_CSS_SKIP_RULE"}},"backgroundColor":{"default":{"color":"var(--theme-palette-color-8)"}}},"content_boxed_shadow":{"inherit":false,"blur":18,"spread":-6,"v_offset":12,"h_offset":0,"inset":false,"enable":true,"color":{"color":"rgba(34, 56, 101, 0.04)"}},"content_boxed_border":{"width":1,"style":"none","color":{"color":"rgba(44,62,80,0.2)"}},"content_boxed_radius":{"top":"3px","bottom":"3px","left":"3px","right":"3px","linked":true},"boxed_content_spacing":{"desktop":{"top":"40px","bottom":"40px","left":"40px","right":"40px","linked":true},"tablet":{"top":"35px","bottom":"35px","left":"35px","right":"35px","linked":true},"mobile":{"top":"20px","bottom":"20px","left":"20px","right":"20px","linked":true}},"36b606f0b937718d397a640df4fa4b31":"","disable_featured_image":"no","disable_share_box":"no","disable_header":"no","disable_footer":"no","styles_descriptor":{"styles":{"desktop":"","tablet":"","mobile":""},"google_fonts":[],"version":6}},"yoast_head":"<!-- This site is optimized with the Yoast SEO plugin v27.5 - https:\/\/yoast.com\/product\/yoast-seo-wordpress\/ -->\n<title>Environnement, Eau, \u00c9nergie Transports | NAOS International<\/title>\n<meta name=\"description\" content=\"Nos solutions de recrutement expertes permettent de faire progresser les secteurs de l&#039;environnement, de l&#039;eau, de l&#039;\u00e9nergie et des transports, en mettant en relation les meilleurs talents avec les organisations qui fa\u00e7onnent un avenir durable.\" \/>\n<meta name=\"robots\" content=\"index, follow, max-snippet:-1, max-image-preview:large, max-video-preview:-1\" \/>\n<link rel=\"canonical\" href=\"https:\/\/www.naos-international.com\/fr\/secteurs\/eau-energie-transports\/\" \/>\n<meta property=\"og:locale\" content=\"fr_FR\" \/>\n<meta property=\"og:type\" content=\"article\" \/>\n<meta property=\"og:title\" content=\"Environnement, Eau, \u00c9nergie Transports | NAOS International\" \/>\n<meta property=\"og:description\" content=\"Nos solutions de recrutement expertes permettent de faire progresser les secteurs de l&#039;environnement, de l&#039;eau, de l&#039;\u00e9nergie et des transports, en mettant en relation les meilleurs talents avec les organisations qui fa\u00e7onnent un avenir durable.\" \/>\n<meta property=\"og:url\" content=\"https:\/\/www.naos-international.com\/fr\/secteurs\/eau-energie-transports\/\" \/>\n<meta property=\"og:site_name\" content=\"NAOS International\" \/>\n<meta property=\"article:modified_time\" content=\"2024-09-25T06:41:59+00:00\" \/>\n<meta property=\"og:image\" content=\"https:\/\/www.naos-international.com\/wp-content\/uploads\/2024\/03\/Design-sans-titre-25-827x1024.png\" \/>\n<meta name=\"twitter:card\" content=\"summary_large_image\" \/>\n<meta name=\"twitter:label1\" content=\"Dur\u00e9e de lecture estim\u00e9e\" \/>\n\t<meta name=\"twitter:data1\" content=\"2 minutes\" \/>\n<script type=\"application\/ld+json\" class=\"yoast-schema-graph\">{\"@context\":\"https:\\\/\\\/schema.org\",\"@graph\":[{\"@type\":\"WebPage\",\"@id\":\"https:\\\/\\\/www.naos-international.com\\\/fr\\\/secteurs\\\/eau-energie-transports\\\/\",\"url\":\"https:\\\/\\\/www.naos-international.com\\\/fr\\\/secteurs\\\/eau-energie-transports\\\/\",\"name\":\"Environnement, Eau, \u00c9nergie Transports | NAOS International\",\"isPartOf\":{\"@id\":\"https:\\\/\\\/www.naos-international.com\\\/fr\\\/#website\"},\"primaryImageOfPage\":{\"@id\":\"https:\\\/\\\/www.naos-international.com\\\/fr\\\/secteurs\\\/eau-energie-transports\\\/#primaryimage\"},\"image\":{\"@id\":\"https:\\\/\\\/www.naos-international.com\\\/fr\\\/secteurs\\\/eau-energie-transports\\\/#primaryimage\"},\"thumbnailUrl\":\"https:\\\/\\\/www.naos-international.com\\\/wp-content\\\/uploads\\\/2024\\\/03\\\/Design-sans-titre-25-827x1024.png\",\"datePublished\":\"2024-03-03T14:48:40+00:00\",\"dateModified\":\"2024-09-25T06:41:59+00:00\",\"description\":\"Nos solutions de recrutement expertes permettent de faire progresser les secteurs de l'environnement, de l'eau, de l'\u00e9nergie et des transports, en mettant en relation les meilleurs talents avec les organisations qui fa\u00e7onnent un avenir durable.\",\"breadcrumb\":{\"@id\":\"https:\\\/\\\/www.naos-international.com\\\/fr\\\/secteurs\\\/eau-energie-transports\\\/#breadcrumb\"},\"inLanguage\":\"fr-FR\",\"potentialAction\":[{\"@type\":\"ReadAction\",\"target\":[\"https:\\\/\\\/www.naos-international.com\\\/fr\\\/secteurs\\\/eau-energie-transports\\\/\"]}]},{\"@type\":\"ImageObject\",\"inLanguage\":\"fr-FR\",\"@id\":\"https:\\\/\\\/www.naos-international.com\\\/fr\\\/secteurs\\\/eau-energie-transports\\\/#primaryimage\",\"url\":\"https:\\\/\\\/www.naos-international.com\\\/wp-content\\\/uploads\\\/2024\\\/03\\\/Design-sans-titre-25-827x1024.png\",\"contentUrl\":\"https:\\\/\\\/www.naos-international.com\\\/wp-content\\\/uploads\\\/2024\\\/03\\\/Design-sans-titre-25-827x1024.png\"},{\"@type\":\"BreadcrumbList\",\"@id\":\"https:\\\/\\\/www.naos-international.com\\\/fr\\\/secteurs\\\/eau-energie-transports\\\/#breadcrumb\",\"itemListElement\":[{\"@type\":\"ListItem\",\"position\":1,\"name\":\"Home\",\"item\":\"https:\\\/\\\/www.naos-international.com\\\/fr\\\/\"},{\"@type\":\"ListItem\",\"position\":2,\"name\":\"Secteurs\",\"item\":\"https:\\\/\\\/www.naos-international.com\\\/fr\\\/sectors\\\/\"},{\"@type\":\"ListItem\",\"position\":3,\"name\":\"Environnement, Eau, \u00c9nergie Transports\"}]},{\"@type\":\"WebSite\",\"@id\":\"https:\\\/\\\/www.naos-international.com\\\/fr\\\/#website\",\"url\":\"https:\\\/\\\/www.naos-international.com\\\/fr\\\/\",\"name\":\"NAOS International\",\"description\":\"Executive Search - Bridging Worlds, Building Careers\",\"publisher\":{\"@id\":\"https:\\\/\\\/www.naos-international.com\\\/fr\\\/#organization\"},\"potentialAction\":[{\"@type\":\"SearchAction\",\"target\":{\"@type\":\"EntryPoint\",\"urlTemplate\":\"https:\\\/\\\/www.naos-international.com\\\/fr\\\/?s={search_term_string}\"},\"query-input\":{\"@type\":\"PropertyValueSpecification\",\"valueRequired\":true,\"valueName\":\"search_term_string\"}}],\"inLanguage\":\"fr-FR\"},{\"@type\":\"Organization\",\"@id\":\"https:\\\/\\\/www.naos-international.com\\\/fr\\\/#organization\",\"name\":\"NAOS International\",\"url\":\"https:\\\/\\\/www.naos-international.com\\\/fr\\\/\",\"logo\":{\"@type\":\"ImageObject\",\"inLanguage\":\"fr-FR\",\"@id\":\"https:\\\/\\\/www.naos-international.com\\\/fr\\\/#\\\/schema\\\/logo\\\/image\\\/\",\"url\":\"https:\\\/\\\/www.naos-international.com\\\/wp-content\\\/uploads\\\/2024\\\/03\\\/cropped-naos-international-favicon.png\",\"contentUrl\":\"https:\\\/\\\/www.naos-international.com\\\/wp-content\\\/uploads\\\/2024\\\/03\\\/cropped-naos-international-favicon.png\",\"width\":512,\"height\":512,\"caption\":\"NAOS International\"},\"image\":{\"@id\":\"https:\\\/\\\/www.naos-international.com\\\/fr\\\/#\\\/schema\\\/logo\\\/image\\\/\"}}]}<\/script>\n<!-- \/ Yoast SEO plugin. -->","yoast_head_json":{"title":"Environnement, Eau, \u00c9nergie Transports | NAOS International","description":"Nos solutions de recrutement expertes permettent de faire progresser les secteurs de l'environnement, de l'eau, de l'\u00e9nergie et des transports, en mettant en relation les meilleurs talents avec les organisations qui fa\u00e7onnent un avenir durable.","robots":{"index":"index","follow":"follow","max-snippet":"max-snippet:-1","max-image-preview":"max-image-preview:large","max-video-preview":"max-video-preview:-1"},"canonical":"https:\/\/www.naos-international.com\/fr\/secteurs\/eau-energie-transports\/","og_locale":"fr_FR","og_type":"article","og_title":"Environnement, Eau, \u00c9nergie Transports | NAOS International","og_description":"Nos solutions de recrutement expertes permettent de faire progresser les secteurs de l'environnement, de l'eau, de l'\u00e9nergie et des transports, en mettant en relation les meilleurs talents avec les organisations qui fa\u00e7onnent un avenir durable.","og_url":"https:\/\/www.naos-international.com\/fr\/secteurs\/eau-energie-transports\/","og_site_name":"NAOS International","article_modified_time":"2024-09-25T06:41:59+00:00","og_image":[{"url":"https:\/\/www.naos-international.com\/wp-content\/uploads\/2024\/03\/Design-sans-titre-25-827x1024.png","type":"","width":"","height":""}],"twitter_card":"summary_large_image","twitter_misc":{"Dur\u00e9e de lecture estim\u00e9e":"2 minutes"},"schema":{"@context":"https:\/\/schema.org","@graph":[{"@type":"WebPage","@id":"https:\/\/www.naos-international.com\/fr\/secteurs\/eau-energie-transports\/","url":"https:\/\/www.naos-international.com\/fr\/secteurs\/eau-energie-transports\/","name":"Environnement, Eau, \u00c9nergie Transports | NAOS International","isPartOf":{"@id":"https:\/\/www.naos-international.com\/fr\/#website"},"primaryImageOfPage":{"@id":"https:\/\/www.naos-international.com\/fr\/secteurs\/eau-energie-transports\/#primaryimage"},"image":{"@id":"https:\/\/www.naos-international.com\/fr\/secteurs\/eau-energie-transports\/#primaryimage"},"thumbnailUrl":"https:\/\/www.naos-international.com\/wp-content\/uploads\/2024\/03\/Design-sans-titre-25-827x1024.png","datePublished":"2024-03-03T14:48:40+00:00","dateModified":"2024-09-25T06:41:59+00:00","description":"Nos solutions de recrutement expertes permettent de faire progresser les secteurs de l'environnement, de l'eau, de l'\u00e9nergie et des transports, en mettant en relation les meilleurs talents avec les organisations qui fa\u00e7onnent un avenir durable.","breadcrumb":{"@id":"https:\/\/www.naos-international.com\/fr\/secteurs\/eau-energie-transports\/#breadcrumb"},"inLanguage":"fr-FR","potentialAction":[{"@type":"ReadAction","target":["https:\/\/www.naos-international.com\/fr\/secteurs\/eau-energie-transports\/"]}]},{"@type":"ImageObject","inLanguage":"fr-FR","@id":"https:\/\/www.naos-international.com\/fr\/secteurs\/eau-energie-transports\/#primaryimage","url":"https:\/\/www.naos-international.com\/wp-content\/uploads\/2024\/03\/Design-sans-titre-25-827x1024.png","contentUrl":"https:\/\/www.naos-international.com\/wp-content\/uploads\/2024\/03\/Design-sans-titre-25-827x1024.png"},{"@type":"BreadcrumbList","@id":"https:\/\/www.naos-international.com\/fr\/secteurs\/eau-energie-transports\/#breadcrumb","itemListElement":[{"@type":"ListItem","position":1,"name":"Home","item":"https:\/\/www.naos-international.com\/fr\/"},{"@type":"ListItem","position":2,"name":"Secteurs","item":"https:\/\/www.naos-international.com\/fr\/sectors\/"},{"@type":"ListItem","position":3,"name":"Environnement, Eau, \u00c9nergie Transports"}]},{"@type":"WebSite","@id":"https:\/\/www.naos-international.com\/fr\/#website","url":"https:\/\/www.naos-international.com\/fr\/","name":"NAOS International","description":"Executive Search - Bridging Worlds, Building Careers","publisher":{"@id":"https:\/\/www.naos-international.com\/fr\/#organization"},"potentialAction":[{"@type":"SearchAction","target":{"@type":"EntryPoint","urlTemplate":"https:\/\/www.naos-international.com\/fr\/?s={search_term_string}"},"query-input":{"@type":"PropertyValueSpecification","valueRequired":true,"valueName":"search_term_string"}}],"inLanguage":"fr-FR"},{"@type":"Organization","@id":"https:\/\/www.naos-international.com\/fr\/#organization","name":"NAOS International","url":"https:\/\/www.naos-international.com\/fr\/","logo":{"@type":"ImageObject","inLanguage":"fr-FR","@id":"https:\/\/www.naos-international.com\/fr\/#\/schema\/logo\/image\/","url":"https:\/\/www.naos-international.com\/wp-content\/uploads\/2024\/03\/cropped-naos-international-favicon.png","contentUrl":"https:\/\/www.naos-international.com\/wp-content\/uploads\/2024\/03\/cropped-naos-international-favicon.png","width":512,"height":512,"caption":"NAOS International"},"image":{"@id":"https:\/\/www.naos-international.com\/fr\/#\/schema\/logo\/image\/"}}]}},"_links":{"self":[{"href":"https:\/\/www.naos-international.com\/fr\/wp-json\/wp\/v2\/pages\/3521","targetHints":{"allow":["GET"]}}],"collection":[{"href":"https:\/\/www.naos-international.com\/fr\/wp-json\/wp\/v2\/pages"}],"about":[{"href":"https:\/\/www.naos-international.com\/fr\/wp-json\/wp\/v2\/types\/page"}],"author":[{"embeddable":true,"href":"https:\/\/www.naos-international.com\/fr\/wp-json\/wp\/v2\/users\/4"}],"replies":[{"embeddable":true,"href":"https:\/\/www.naos-international.com\/fr\/wp-json\/wp\/v2\/comments?post=3521"}],"version-history":[{"count":0,"href":"https:\/\/www.naos-international.com\/fr\/wp-json\/wp\/v2\/pages\/3521\/revisions"}],"up":[{"embeddable":true,"href":"https:\/\/www.naos-international.com\/fr\/wp-json\/wp\/v2\/pages\/4311"}],"wp:attachment":[{"href":"https:\/\/www.naos-international.com\/fr\/wp-json\/wp\/v2\/media?parent=3521"}],"curies":[{"name":"wp","href":"https:\/\/api.w.org\/{rel}","templated":true}]}}