{"id":3530,"date":"2024-03-03T15:50:21","date_gmt":"2024-03-03T14:50:21","guid":{"rendered":"https:\/\/www.naos-international.com\/technologie-digital-innovation\/"},"modified":"2024-05-21T16:12:33","modified_gmt":"2024-05-21T14:12:33","slug":"technologie-digital-innovation","status":"publish","type":"page","link":"https:\/\/www.naos-international.com\/fr\/secteurs\/technologie-digital-innovation\/","title":{"rendered":"Technologie, Digital &amp; Innovation"},"content":{"rendered":"\t\t<div data-elementor-type=\"wp-page\" data-elementor-id=\"3530\" class=\"elementor elementor-3530 elementor-2284\" data-elementor-post-type=\"page\">\n\t\t\t\t<div class=\"elementor-element elementor-element-666124d e-flex e-con-boxed e-con e-parent\" data-id=\"666124d\" data-element_type=\"container\" data-e-type=\"container\">\n\t\t\t\t\t<div class=\"e-con-inner\">\n\t\t\t\t<div class=\"elementor-element elementor-element-9786a10 elementor-widget elementor-widget-text-editor\" data-id=\"9786a10\" data-element_type=\"widget\" data-e-type=\"widget\" data-widget_type=\"text-editor.default\">\n\t\t\t\t<div class=\"elementor-widget-container\">\n\t\t\t\t\t\t\t\t\t<p>Le recrutement de cadres dirigeants dans les secteurs de la technologie, du digital et de l&rsquo;Innovation est une t\u00e2che complexe en raison de leur nature en constante \u00e9volution. Ces secteurs sont caract\u00e9ris\u00e9s par un rythme rapide de changement, avec l&rsquo;apparition continue de nouvelles pratiques, de technologies disruptives et de tendances \u00e9mergentes. Les entreprises op\u00e9rant dans ces domaines doivent innover en permanence pour rester comp\u00e9titives.<\/p>\n\t\t\t\t\t\t\t\t<\/div>\n\t\t\t\t<\/div>\n\t\t\t\t\t<\/div>\n\t\t\t\t<\/div>\n\t\t<div class=\"elementor-element elementor-element-7bfcc0b9 e-flex e-con-boxed e-con e-parent\" data-id=\"7bfcc0b9\" data-element_type=\"container\" data-e-type=\"container\" data-settings=\"{&quot;background_background&quot;:&quot;classic&quot;}\">\n\t\t\t\t\t<div class=\"e-con-inner\">\n\t\t<div class=\"elementor-element elementor-element-1064d5c5 e-con-full e-flex e-con e-child\" data-id=\"1064d5c5\" data-element_type=\"container\" data-e-type=\"container\">\n\t\t\t\t<div class=\"elementor-element elementor-element-20ce299f elementor-widget elementor-widget-heading\" data-id=\"20ce299f\" data-element_type=\"widget\" data-e-type=\"widget\" data-widget_type=\"heading.default\">\n\t\t\t\t<div class=\"elementor-widget-container\">\n\t\t\t\t\t<h2 class=\"elementor-heading-title elementor-size-default\">Personnalisation des solutions<\/h2>\t\t\t\t<\/div>\n\t\t\t\t<\/div>\n\t\t\t\t<div class=\"elementor-element elementor-element-405474f8 elementor-widget elementor-widget-text-editor\" data-id=\"405474f8\" data-element_type=\"widget\" data-e-type=\"widget\" data-widget_type=\"text-editor.default\">\n\t\t\t\t<div class=\"elementor-widget-container\">\n\t\t\t\t\t\t\t\t\t<p>Le d\u00e9fi r\u00e9side dans la recherche de leaders qui non seulement comprennent ces \u00e9volutions, mais qui sont \u00e9galement capables de les anticiper et de les int\u00e9grer dans leur strat\u00e9gie. Les cadres dirigeants de ces secteurs doivent \u00eatre des visionnaires, des pionniers et des innovateurs, capables de naviguer dans un environnement en mutation constante.<\/p>\n<p>Chez NAOS International, notre \u00e9quipe d\u00e9di\u00e9e est sp\u00e9cialement form\u00e9e pour identifier des cadres dirigeants ayant l&rsquo;exp\u00e9rience, la vision et la capacit\u00e9 d&rsquo;innovation n\u00e9cessaires pour r\u00e9ussir dans ces secteurs exigeants. Nous travaillons en \u00e9troite collaboration avec nos clients pour garantir que chaque candidat recrut\u00e9 est en parfaite ad\u00e9quation avec leur culture et leurs objectifs.<\/p>\n\t\t\t\t\t\t\t\t<\/div>\n\t\t\t\t<\/div>\n\t\t\t\t<\/div>\n\t\t\t\t<div class=\"elementor-element elementor-element-2514cf07 elementor-widget__width-initial elementor-widget-tablet__width-inherit elementor-widget elementor-widget-image\" data-id=\"2514cf07\" data-element_type=\"widget\" data-e-type=\"widget\" data-widget_type=\"image.default\">\n\t\t\t\t<div class=\"elementor-widget-container\">\n\t\t\t\t\t\t\t\t\t\t\t\t\t\t\t<img fetchpriority=\"high\" decoding=\"async\" width=\"827\" height=\"1024\" src=\"https:\/\/www.naos-international.com\/wp-content\/uploads\/2024\/03\/Design-sans-titre-28-827x1024.png\" class=\"attachment-large size-large wp-image-3307\" alt=\"\" srcset=\"https:\/\/www.naos-international.com\/wp-content\/uploads\/2024\/03\/Design-sans-titre-28-827x1024.png 827w, https:\/\/www.naos-international.com\/wp-content\/uploads\/2024\/03\/Design-sans-titre-28-242x300.png 242w, https:\/\/www.naos-international.com\/wp-content\/uploads\/2024\/03\/Design-sans-titre-28-768x951.png 768w, https:\/\/www.naos-international.com\/wp-content\/uploads\/2024\/03\/Design-sans-titre-28.png 945w\" sizes=\"(max-width: 827px) 100vw, 827px\" \/>\t\t\t\t\t\t\t\t\t\t\t\t\t\t\t<\/div>\n\t\t\t\t<\/div>\n\t\t\t\t\t<\/div>\n\t\t\t\t<\/div>\n\t\t<div class=\"elementor-element elementor-element-e64350e e-flex e-con-boxed e-con e-parent\" data-id=\"e64350e\" data-element_type=\"container\" data-e-type=\"container\">\n\t\t\t\t\t<div class=\"e-con-inner\">\n\t\t\t\t<div class=\"elementor-element elementor-element-13a30fe elementor-widget elementor-widget-heading\" data-id=\"13a30fe\" data-element_type=\"widget\" data-e-type=\"widget\" data-widget_type=\"heading.default\">\n\t\t\t\t<div class=\"elementor-widget-container\">\n\t\t\t\t\t<h2 class=\"elementor-heading-title elementor-size-default\">Insights du secteur<\/h2>\t\t\t\t<\/div>\n\t\t\t\t<\/div>\n\t\t\t\t<div class=\"elementor-element elementor-element-f8c189d elementor-widget elementor-widget-text-editor\" data-id=\"f8c189d\" data-element_type=\"widget\" data-e-type=\"widget\" data-widget_type=\"text-editor.default\">\n\t\t\t\t<div class=\"elementor-widget-container\">\n\t\t\t\t\t\t\t\t\t<p>\u00ab Dans un environnement qui change, il n\u2019y a de plus grand risque que de rester immobile \u00bb, Jacques Chirac<\/p>\n<p>Cette citation de l\u2019ancien pr\u00e9sident fran\u00e7ais est plus que jamais d\u2019actualit\u00e9 dans ces secteurs en perp\u00e9tuel changement.<\/p>\n<p>Au c\u0153ur du secteur des technologies, de l&rsquo;innovation et du digital, les tendances du recrutement fa\u00e7onnent un paysage en constante \u00e9volution. Les exigences du march\u00e9 imposent une demande croissante de comp\u00e9tences sp\u00e9cialis\u00e9es telles que l&rsquo;IA, la cybers\u00e9curit\u00e9, l&rsquo;analyse des donn\u00e9es et la blockchain. La flexibilit\u00e9, l&rsquo;agilit\u00e9 et l&rsquo;adaptabilit\u00e9 deviennent des imp\u00e9ratifs incontournables, tandis que l&rsquo;importance des comp\u00e9tences non techniques, \u00e0 savoir les soft skills tels que la communication, la pens\u00e9e critique et la r\u00e9solution de probl\u00e8mes, ne cesse de cro\u00eetre. De nouvelles m\u00e9thodes de recrutement \u00e9mergent, allant de l&rsquo;utilisation de l&rsquo;IA pour le tri des CV \u00e0 des entretiens vid\u00e9o, en passant par des plateformes \u00e9valuant les comp\u00e9tences techniques. La diversit\u00e9 et l&rsquo;inclusion occupent \u00e9galement une place centrale dans ces dynamiques \u00e9volutives.<\/p>\n<p>Une probl\u00e9matique r\u00e9currente dans le recrutement au sein des secteurs des technologies, du digital et de l&rsquo;innovation r\u00e9side dans la p\u00e9nurie persistante de talents qualifi\u00e9s. Les besoins en comp\u00e9tences \u00e9voluent rapidement en tandem avec les progr\u00e8s technologiques, tandis que la comp\u00e9tition f\u00e9roce entre les entreprises pour attirer les meilleurs talents intensifie le d\u00e9fi. Les recruteurs sont confront\u00e9s \u00e0 la t\u00e2che complexe de trouver des candidats capables de r\u00e9pondre non seulement aux exigences actuelles, mais aussi de s&rsquo;adapter aux \u00e9volutions futures du secteur, ou des domaines tels que l&rsquo;intelligence artificielle, le cloud, la cybers\u00e9curit\u00e9 et la r\u00e9alit\u00e9 virtuelle ouvrent la voie au progr\u00e8s.\u00a0\u00bb<\/p>\n\t\t\t\t\t\t\t\t<\/div>\n\t\t\t\t<\/div>\n\t\t\t\t\t<\/div>\n\t\t\t\t<\/div>\n\t\t\t\t<\/div>\n\t\t","protected":false},"excerpt":{"rendered":"<p>Le recrutement de cadres dirigeants dans les secteurs de la technologie, du digital et de l&rsquo;Innovation est une t\u00e2che complexe en raison de leur nature en constante \u00e9volution. Ces secteurs sont caract\u00e9ris\u00e9s par un rythme rapide de changement, avec l&rsquo;apparition continue de nouvelles pratiques, de technologies disruptives et de tendances \u00e9mergentes. Les entreprises op\u00e9rant dans [&hellip;]<\/p>\n","protected":false},"author":1,"featured_media":0,"parent":4311,"menu_order":0,"comment_status":"closed","ping_status":"closed","template":"","meta":{"content-type":"","footnotes":""},"class_list":["post-3530","page","type-page","status-publish","hentry"],"blocksy_meta":{"page_title_panel":"","has_hero_section":"default","e38715bb122191d12b00a4ff2f5acc0d":"","hero_section":"type-1","hero_elements":[{"id":"custom_title","enabled":true,"heading_tag":"h1","title":"Home"},{"id":"custom_description","enabled":true,"description_visibility":{"desktop":true,"tablet":true,"mobile":false}},{"id":"custom_meta","enabled":false,"meta_elements":[{"id":"author","enabled":true,"label":"By","has_author_avatar":"yes","avatar_size":25},{"id":"post_date","enabled":true,"label":"On","date_format_source":"default","date_format":"M j, Y"},{"id":"updated_date","enabled":false,"label":"On","date_format_source":"default","date_format":"M j, Y"},{"id":"categories","enabled":false,"label":"In","style":"simple"},{"id":"comments","enabled":true}],"page_meta_elements":{"joined":true,"articles_count":true,"comments":true}},{"id":"breadcrumbs","enabled":false}],"cdfdc69e127db85256160ecef73f61cf":"","hero_alignment1":"CT_CSS_SKIP_RULE","hero_margin":40,"hero_alignment2":"center","hero_vertical_alignment":"center","6fea0e66a2b5d6a4880c87191c0e3589":"","hero_structure":"narrow","caec56dac1f3124aba4f24b90c3f166d":"","page_title_bg_type":"featured_image","custom_hero_background":{"attachment_id":null},"page_title_image_size":"full","parallax":{"desktop":false,"tablet":false,"mobile":false},"07106ee7ed2e4852a96bbd1e7c3ca084":"","hero_height":"250px","pageTitleFont":{"family":"Default","variation":"Default","size":"30px","line-height":"CT_CSS_SKIP_RULE","letter-spacing":"CT_CSS_SKIP_RULE","text-transform":"CT_CSS_SKIP_RULE","text-decoration":"CT_CSS_SKIP_RULE"},"pageTitleFontColor":{"default":{"color":"CT_CSS_SKIP_RULEDEFAULT"}},"pageMetaFont":{"family":"Default","variation":"n6","size":"12px","line-height":"1.3","letter-spacing":"CT_CSS_SKIP_RULE","text-transform":"uppercase","text-decoration":"CT_CSS_SKIP_RULE"},"pageMetaFontColor":{"default":{"color":"CT_CSS_SKIP_RULEDEFAULT"},"hover":{"color":"CT_CSS_SKIP_RULEDEFAULT"}},"page_meta_button_type_font_colors":{"default":{"color":"CT_CSS_SKIP_RULEDEFAULT"},"hover":{"color":"CT_CSS_SKIP_RULEDEFAULT"}},"page_meta_button_type_background_colors":{"default":{"color":"CT_CSS_SKIP_RULEDEFAULT"},"hover":{"color":"CT_CSS_SKIP_RULEDEFAULT"}},"pageExcerptFont":{"family":"Default","variation":"Default","size":"CT_CSS_SKIP_RULE","line-height":"CT_CSS_SKIP_RULE","letter-spacing":"CT_CSS_SKIP_RULE","text-transform":"CT_CSS_SKIP_RULE","text-decoration":"CT_CSS_SKIP_RULE"},"pageExcerptColor":{"default":{"color":"CT_CSS_SKIP_RULEDEFAULT"}},"breadcrumbsFont":{"family":"Default","variation":"Default","size":"CT_CSS_SKIP_RULE","line-height":"CT_CSS_SKIP_RULE","letter-spacing":"CT_CSS_SKIP_RULE","text-transform":"CT_CSS_SKIP_RULE","text-decoration":"CT_CSS_SKIP_RULE"},"breadcrumbsFontColor":{"default":{"color":"CT_CSS_SKIP_RULEDEFAULT"},"initial":{"color":"CT_CSS_SKIP_RULEDEFAULT"},"hover":{"color":"CT_CSS_SKIP_RULEDEFAULT"}},"pageTitleOverlay":{"background_type":"color","background_pattern":"type-1","background_image":{"attachment_id":null,"x":0,"y":0},"gradient":"linear-gradient(135deg,rgba(6,147,227,1) 0%,rgb(155,81,224) 100%)","background_repeat":"repeat","background_size":"auto","background_attachment":"scroll","patternColor":{"default":{"color":"#e5e7ea"}},"overlayColor":{"default":{"color":"CT_CSS_SKIP_RULE"}},"backgroundColor":{"default":{"color":"CT_CSS_SKIP_RULE"}}},"pageTitleBackground":{"background_type":"color","background_pattern":"type-1","background_image":{"attachment_id":null,"x":0,"y":0},"gradient":"linear-gradient(135deg,rgba(6,147,227,1) 0%,rgb(155,81,224) 100%)","background_repeat":"repeat","background_size":"auto","background_attachment":"scroll","patternColor":{"default":{"color":"#e5e7ea"}},"overlayColor":{"default":{"color":"CT_CSS_SKIP_RULE"}},"backgroundColor":{"default":{"color":"var(--theme-palette-color-6)"}}},"pageTitlePadding":{"top":"50px","bottom":"50px","left":"auto","right":"auto","linked":true},"8731634cc32e95e0be09e75dbf703b3f":"","page_structure_type":"default","6ef7870ac163491031ebf652adea8358":"","content_style_source":"inherit","content_style":"wide","vertical_spacing_source":"custom","content_area_spacing":"none","background":{"background_type":"color","background_pattern":"type-1","background_image":{"attachment_id":null,"x":0,"y":0},"gradient":"linear-gradient(135deg,rgba(6,147,227,1) 0%,rgb(155,81,224) 100%)","background_repeat":"repeat","background_size":"auto","background_attachment":"scroll","patternColor":{"default":{"color":"#e5e7ea"}},"overlayColor":{"default":{"color":"CT_CSS_SKIP_RULE"}},"backgroundColor":{"default":{"color":"CT_CSS_SKIP_RULE"}}},"content_background":{"background_type":"color","background_pattern":"type-1","background_image":{"attachment_id":null,"x":0,"y":0},"gradient":"linear-gradient(135deg,rgba(6,147,227,1) 0%,rgb(155,81,224) 100%)","background_repeat":"repeat","background_size":"auto","background_attachment":"scroll","patternColor":{"default":{"color":"#e5e7ea"}},"overlayColor":{"default":{"color":"CT_CSS_SKIP_RULE"}},"backgroundColor":{"default":{"color":"var(--theme-palette-color-8)"}}},"content_boxed_shadow":{"inherit":false,"blur":18,"spread":-6,"v_offset":12,"h_offset":0,"inset":false,"enable":true,"color":{"color":"rgba(34, 56, 101, 0.04)"}},"content_boxed_border":{"width":1,"style":"none","color":{"color":"rgba(44,62,80,0.2)"}},"content_boxed_radius":{"top":"3px","bottom":"3px","left":"3px","right":"3px","linked":true},"boxed_content_spacing":{"desktop":{"top":"40px","bottom":"40px","left":"40px","right":"40px","linked":true},"tablet":{"top":"35px","bottom":"35px","left":"35px","right":"35px","linked":true},"mobile":{"top":"20px","bottom":"20px","left":"20px","right":"20px","linked":true}},"36b606f0b937718d397a640df4fa4b31":"","disable_featured_image":"no","disable_share_box":"no","disable_header":"no","disable_footer":"no","styles_descriptor":{"styles":{"desktop":"","tablet":"","mobile":""},"google_fonts":[],"version":6}},"yoast_head":"<!-- This site is optimized with the Yoast SEO plugin v27.5 - https:\/\/yoast.com\/product\/yoast-seo-wordpress\/ -->\n<title>Technologie, Digital &amp; Innovation | NAOS International<\/title>\n<meta name=\"description\" content=\"Am\u00e9liorez vos initiatives en mati\u00e8re de technologie, de num\u00e9rique et d&#039;innovation gr\u00e2ce \u00e0 nos solutions de recrutement sp\u00e9cialis\u00e9es, en mettant en relation les meilleurs Talents avec les organisations qui favorisent l&#039;avancement et la transformation technologique.\" \/>\n<meta name=\"robots\" content=\"index, follow, max-snippet:-1, max-image-preview:large, max-video-preview:-1\" \/>\n<link rel=\"canonical\" href=\"https:\/\/www.naos-international.com\/fr\/secteurs\/technologie-digital-innovation\/\" \/>\n<meta property=\"og:locale\" content=\"fr_FR\" \/>\n<meta property=\"og:type\" content=\"article\" \/>\n<meta property=\"og:title\" content=\"Technologie, Digital &amp; Innovation | NAOS International\" \/>\n<meta property=\"og:description\" content=\"Am\u00e9liorez vos initiatives en mati\u00e8re de technologie, de num\u00e9rique et d&#039;innovation gr\u00e2ce \u00e0 nos solutions de recrutement sp\u00e9cialis\u00e9es, en mettant en relation les meilleurs Talents avec les organisations qui favorisent l&#039;avancement et la transformation technologique.\" \/>\n<meta property=\"og:url\" content=\"https:\/\/www.naos-international.com\/fr\/secteurs\/technologie-digital-innovation\/\" \/>\n<meta property=\"og:site_name\" content=\"NAOS International\" \/>\n<meta property=\"article:modified_time\" content=\"2024-05-21T14:12:33+00:00\" \/>\n<meta property=\"og:image\" content=\"https:\/\/www.naos-international.com\/wp-content\/uploads\/2024\/03\/Design-sans-titre-28-827x1024.png\" \/>\n<meta name=\"twitter:card\" content=\"summary_large_image\" \/>\n<meta name=\"twitter:label1\" content=\"Dur\u00e9e de lecture estim\u00e9e\" \/>\n\t<meta name=\"twitter:data1\" content=\"3 minutes\" \/>\n<script type=\"application\/ld+json\" class=\"yoast-schema-graph\">{\"@context\":\"https:\\\/\\\/schema.org\",\"@graph\":[{\"@type\":\"WebPage\",\"@id\":\"https:\\\/\\\/www.naos-international.com\\\/fr\\\/secteurs\\\/technologie-digital-innovation\\\/\",\"url\":\"https:\\\/\\\/www.naos-international.com\\\/fr\\\/secteurs\\\/technologie-digital-innovation\\\/\",\"name\":\"Technologie, Digital &amp; Innovation | NAOS International\",\"isPartOf\":{\"@id\":\"https:\\\/\\\/www.naos-international.com\\\/fr\\\/#website\"},\"primaryImageOfPage\":{\"@id\":\"https:\\\/\\\/www.naos-international.com\\\/fr\\\/secteurs\\\/technologie-digital-innovation\\\/#primaryimage\"},\"image\":{\"@id\":\"https:\\\/\\\/www.naos-international.com\\\/fr\\\/secteurs\\\/technologie-digital-innovation\\\/#primaryimage\"},\"thumbnailUrl\":\"https:\\\/\\\/www.naos-international.com\\\/wp-content\\\/uploads\\\/2024\\\/03\\\/Design-sans-titre-28-827x1024.png\",\"datePublished\":\"2024-03-03T14:50:21+00:00\",\"dateModified\":\"2024-05-21T14:12:33+00:00\",\"description\":\"Am\u00e9liorez vos initiatives en mati\u00e8re de technologie, de num\u00e9rique et d'innovation gr\u00e2ce \u00e0 nos solutions de recrutement sp\u00e9cialis\u00e9es, en mettant en relation les meilleurs Talents avec les organisations qui favorisent l'avancement et la transformation technologique.\",\"breadcrumb\":{\"@id\":\"https:\\\/\\\/www.naos-international.com\\\/fr\\\/secteurs\\\/technologie-digital-innovation\\\/#breadcrumb\"},\"inLanguage\":\"fr-FR\",\"potentialAction\":[{\"@type\":\"ReadAction\",\"target\":[\"https:\\\/\\\/www.naos-international.com\\\/fr\\\/secteurs\\\/technologie-digital-innovation\\\/\"]}]},{\"@type\":\"ImageObject\",\"inLanguage\":\"fr-FR\",\"@id\":\"https:\\\/\\\/www.naos-international.com\\\/fr\\\/secteurs\\\/technologie-digital-innovation\\\/#primaryimage\",\"url\":\"https:\\\/\\\/www.naos-international.com\\\/wp-content\\\/uploads\\\/2024\\\/03\\\/Design-sans-titre-28-827x1024.png\",\"contentUrl\":\"https:\\\/\\\/www.naos-international.com\\\/wp-content\\\/uploads\\\/2024\\\/03\\\/Design-sans-titre-28-827x1024.png\"},{\"@type\":\"BreadcrumbList\",\"@id\":\"https:\\\/\\\/www.naos-international.com\\\/fr\\\/secteurs\\\/technologie-digital-innovation\\\/#breadcrumb\",\"itemListElement\":[{\"@type\":\"ListItem\",\"position\":1,\"name\":\"Home\",\"item\":\"https:\\\/\\\/www.naos-international.com\\\/fr\\\/\"},{\"@type\":\"ListItem\",\"position\":2,\"name\":\"Secteurs\",\"item\":\"https:\\\/\\\/www.naos-international.com\\\/fr\\\/sectors\\\/\"},{\"@type\":\"ListItem\",\"position\":3,\"name\":\"Technologie, Digital &amp; Innovation\"}]},{\"@type\":\"WebSite\",\"@id\":\"https:\\\/\\\/www.naos-international.com\\\/fr\\\/#website\",\"url\":\"https:\\\/\\\/www.naos-international.com\\\/fr\\\/\",\"name\":\"NAOS International\",\"description\":\"Executive Search - Bridging Worlds, Building Careers\",\"publisher\":{\"@id\":\"https:\\\/\\\/www.naos-international.com\\\/fr\\\/#organization\"},\"potentialAction\":[{\"@type\":\"SearchAction\",\"target\":{\"@type\":\"EntryPoint\",\"urlTemplate\":\"https:\\\/\\\/www.naos-international.com\\\/fr\\\/?s={search_term_string}\"},\"query-input\":{\"@type\":\"PropertyValueSpecification\",\"valueRequired\":true,\"valueName\":\"search_term_string\"}}],\"inLanguage\":\"fr-FR\"},{\"@type\":\"Organization\",\"@id\":\"https:\\\/\\\/www.naos-international.com\\\/fr\\\/#organization\",\"name\":\"NAOS International\",\"url\":\"https:\\\/\\\/www.naos-international.com\\\/fr\\\/\",\"logo\":{\"@type\":\"ImageObject\",\"inLanguage\":\"fr-FR\",\"@id\":\"https:\\\/\\\/www.naos-international.com\\\/fr\\\/#\\\/schema\\\/logo\\\/image\\\/\",\"url\":\"https:\\\/\\\/www.naos-international.com\\\/wp-content\\\/uploads\\\/2024\\\/03\\\/cropped-naos-international-favicon.png\",\"contentUrl\":\"https:\\\/\\\/www.naos-international.com\\\/wp-content\\\/uploads\\\/2024\\\/03\\\/cropped-naos-international-favicon.png\",\"width\":512,\"height\":512,\"caption\":\"NAOS International\"},\"image\":{\"@id\":\"https:\\\/\\\/www.naos-international.com\\\/fr\\\/#\\\/schema\\\/logo\\\/image\\\/\"}}]}<\/script>\n<!-- \/ Yoast SEO plugin. -->","yoast_head_json":{"title":"Technologie, Digital &amp; Innovation | NAOS International","description":"Am\u00e9liorez vos initiatives en mati\u00e8re de technologie, de num\u00e9rique et d'innovation gr\u00e2ce \u00e0 nos solutions de recrutement sp\u00e9cialis\u00e9es, en mettant en relation les meilleurs Talents avec les organisations qui favorisent l'avancement et la transformation technologique.","robots":{"index":"index","follow":"follow","max-snippet":"max-snippet:-1","max-image-preview":"max-image-preview:large","max-video-preview":"max-video-preview:-1"},"canonical":"https:\/\/www.naos-international.com\/fr\/secteurs\/technologie-digital-innovation\/","og_locale":"fr_FR","og_type":"article","og_title":"Technologie, Digital &amp; Innovation | NAOS International","og_description":"Am\u00e9liorez vos initiatives en mati\u00e8re de technologie, de num\u00e9rique et d'innovation gr\u00e2ce \u00e0 nos solutions de recrutement sp\u00e9cialis\u00e9es, en mettant en relation les meilleurs Talents avec les organisations qui favorisent l'avancement et la transformation technologique.","og_url":"https:\/\/www.naos-international.com\/fr\/secteurs\/technologie-digital-innovation\/","og_site_name":"NAOS International","article_modified_time":"2024-05-21T14:12:33+00:00","og_image":[{"url":"https:\/\/www.naos-international.com\/wp-content\/uploads\/2024\/03\/Design-sans-titre-28-827x1024.png","type":"","width":"","height":""}],"twitter_card":"summary_large_image","twitter_misc":{"Dur\u00e9e de lecture estim\u00e9e":"3 minutes"},"schema":{"@context":"https:\/\/schema.org","@graph":[{"@type":"WebPage","@id":"https:\/\/www.naos-international.com\/fr\/secteurs\/technologie-digital-innovation\/","url":"https:\/\/www.naos-international.com\/fr\/secteurs\/technologie-digital-innovation\/","name":"Technologie, Digital &amp; Innovation | NAOS International","isPartOf":{"@id":"https:\/\/www.naos-international.com\/fr\/#website"},"primaryImageOfPage":{"@id":"https:\/\/www.naos-international.com\/fr\/secteurs\/technologie-digital-innovation\/#primaryimage"},"image":{"@id":"https:\/\/www.naos-international.com\/fr\/secteurs\/technologie-digital-innovation\/#primaryimage"},"thumbnailUrl":"https:\/\/www.naos-international.com\/wp-content\/uploads\/2024\/03\/Design-sans-titre-28-827x1024.png","datePublished":"2024-03-03T14:50:21+00:00","dateModified":"2024-05-21T14:12:33+00:00","description":"Am\u00e9liorez vos initiatives en mati\u00e8re de technologie, de num\u00e9rique et d'innovation gr\u00e2ce \u00e0 nos solutions de recrutement sp\u00e9cialis\u00e9es, en mettant en relation les meilleurs Talents avec les organisations qui favorisent l'avancement et la transformation technologique.","breadcrumb":{"@id":"https:\/\/www.naos-international.com\/fr\/secteurs\/technologie-digital-innovation\/#breadcrumb"},"inLanguage":"fr-FR","potentialAction":[{"@type":"ReadAction","target":["https:\/\/www.naos-international.com\/fr\/secteurs\/technologie-digital-innovation\/"]}]},{"@type":"ImageObject","inLanguage":"fr-FR","@id":"https:\/\/www.naos-international.com\/fr\/secteurs\/technologie-digital-innovation\/#primaryimage","url":"https:\/\/www.naos-international.com\/wp-content\/uploads\/2024\/03\/Design-sans-titre-28-827x1024.png","contentUrl":"https:\/\/www.naos-international.com\/wp-content\/uploads\/2024\/03\/Design-sans-titre-28-827x1024.png"},{"@type":"BreadcrumbList","@id":"https:\/\/www.naos-international.com\/fr\/secteurs\/technologie-digital-innovation\/#breadcrumb","itemListElement":[{"@type":"ListItem","position":1,"name":"Home","item":"https:\/\/www.naos-international.com\/fr\/"},{"@type":"ListItem","position":2,"name":"Secteurs","item":"https:\/\/www.naos-international.com\/fr\/sectors\/"},{"@type":"ListItem","position":3,"name":"Technologie, Digital &amp; Innovation"}]},{"@type":"WebSite","@id":"https:\/\/www.naos-international.com\/fr\/#website","url":"https:\/\/www.naos-international.com\/fr\/","name":"NAOS International","description":"Executive Search - Bridging Worlds, Building Careers","publisher":{"@id":"https:\/\/www.naos-international.com\/fr\/#organization"},"potentialAction":[{"@type":"SearchAction","target":{"@type":"EntryPoint","urlTemplate":"https:\/\/www.naos-international.com\/fr\/?s={search_term_string}"},"query-input":{"@type":"PropertyValueSpecification","valueRequired":true,"valueName":"search_term_string"}}],"inLanguage":"fr-FR"},{"@type":"Organization","@id":"https:\/\/www.naos-international.com\/fr\/#organization","name":"NAOS International","url":"https:\/\/www.naos-international.com\/fr\/","logo":{"@type":"ImageObject","inLanguage":"fr-FR","@id":"https:\/\/www.naos-international.com\/fr\/#\/schema\/logo\/image\/","url":"https:\/\/www.naos-international.com\/wp-content\/uploads\/2024\/03\/cropped-naos-international-favicon.png","contentUrl":"https:\/\/www.naos-international.com\/wp-content\/uploads\/2024\/03\/cropped-naos-international-favicon.png","width":512,"height":512,"caption":"NAOS International"},"image":{"@id":"https:\/\/www.naos-international.com\/fr\/#\/schema\/logo\/image\/"}}]}},"_links":{"self":[{"href":"https:\/\/www.naos-international.com\/fr\/wp-json\/wp\/v2\/pages\/3530","targetHints":{"allow":["GET"]}}],"collection":[{"href":"https:\/\/www.naos-international.com\/fr\/wp-json\/wp\/v2\/pages"}],"about":[{"href":"https:\/\/www.naos-international.com\/fr\/wp-json\/wp\/v2\/types\/page"}],"author":[{"embeddable":true,"href":"https:\/\/www.naos-international.com\/fr\/wp-json\/wp\/v2\/users\/1"}],"replies":[{"embeddable":true,"href":"https:\/\/www.naos-international.com\/fr\/wp-json\/wp\/v2\/comments?post=3530"}],"version-history":[{"count":0,"href":"https:\/\/www.naos-international.com\/fr\/wp-json\/wp\/v2\/pages\/3530\/revisions"}],"up":[{"embeddable":true,"href":"https:\/\/www.naos-international.com\/fr\/wp-json\/wp\/v2\/pages\/4311"}],"wp:attachment":[{"href":"https:\/\/www.naos-international.com\/fr\/wp-json\/wp\/v2\/media?parent=3530"}],"curies":[{"name":"wp","href":"https:\/\/api.w.org\/{rel}","templated":true}]}}