{"id":3679,"date":"2024-03-23T18:02:29","date_gmt":"2024-03-23T17:02:29","guid":{"rendered":"https:\/\/www.naos-international.com\/notre-equipe\/maximilien-de-boyer\/"},"modified":"2024-05-21T16:10:05","modified_gmt":"2024-05-21T14:10:05","slug":"maximilien-de-boyer","status":"publish","type":"page","link":"https:\/\/www.naos-international.com\/fr\/a-propos\/notre-equipe\/maximilien-de-boyer\/","title":{"rendered":"Maximilien DE BOYER"},"content":{"rendered":"\t\t<div data-elementor-type=\"wp-page\" data-elementor-id=\"3679\" class=\"elementor elementor-3679 elementor-2772\" data-elementor-post-type=\"page\">\n\t\t\t\t<div class=\"elementor-element elementor-element-98db358 e-flex e-con-boxed e-con e-parent\" data-id=\"98db358\" data-element_type=\"container\" data-e-type=\"container\">\n\t\t\t\t\t<div class=\"e-con-inner\">\n\t\t<div class=\"elementor-element elementor-element-6cefa5d e-con-full e-flex e-con e-child\" data-id=\"6cefa5d\" data-element_type=\"container\" data-e-type=\"container\">\n\t\t\t\t<div class=\"elementor-element elementor-element-f59b4f5 elementor-widget elementor-widget-image\" data-id=\"f59b4f5\" data-element_type=\"widget\" data-e-type=\"widget\" data-widget_type=\"image.default\">\n\t\t\t\t<div class=\"elementor-widget-container\">\n\t\t\t\t\t\t\t\t\t\t\t\t\t\t\t<img fetchpriority=\"high\" decoding=\"async\" width=\"1024\" height=\"1024\" src=\"https:\/\/www.naos-international.com\/wp-content\/uploads\/2024\/03\/26SEPT2023-12_pp-1-1024x1024.jpg\" class=\"attachment-large size-large wp-image-2732\" alt=\"Maximilien DE BOYER\" srcset=\"https:\/\/www.naos-international.com\/wp-content\/uploads\/2024\/03\/26SEPT2023-12_pp-1-1024x1024.jpg 1024w, https:\/\/www.naos-international.com\/wp-content\/uploads\/2024\/03\/26SEPT2023-12_pp-1-300x300.jpg 300w, https:\/\/www.naos-international.com\/wp-content\/uploads\/2024\/03\/26SEPT2023-12_pp-1-150x150.jpg 150w, https:\/\/www.naos-international.com\/wp-content\/uploads\/2024\/03\/26SEPT2023-12_pp-1-768x768.jpg 768w, https:\/\/www.naos-international.com\/wp-content\/uploads\/2024\/03\/26SEPT2023-12_pp-1.jpg 1440w\" sizes=\"(max-width: 1024px) 100vw, 1024px\" \/>\t\t\t\t\t\t\t\t\t\t\t\t\t\t\t<\/div>\n\t\t\t\t<\/div>\n\t\t\t\t<\/div>\n\t\t<div class=\"elementor-element elementor-element-b9d5b69 e-con-full e-flex e-con e-child\" data-id=\"b9d5b69\" data-element_type=\"container\" data-e-type=\"container\">\n\t\t\t\t<div class=\"elementor-element elementor-element-f359acc elementor-widget elementor-widget-text-editor\" data-id=\"f359acc\" data-element_type=\"widget\" data-e-type=\"widget\" data-widget_type=\"text-editor.default\">\n\t\t\t\t<div class=\"elementor-widget-container\">\n\t\t\t\t\t\t\t\t\t<p><span data-contrast=\"none\">Titulaire d&rsquo;un master d&rsquo;histoire de l&rsquo;Universit\u00e9 Lyon 3 et dipl\u00f4m\u00e9 de la Montpellier Business School, Maximilien travaille dans le recrutement depuis 2016. Il s&rsquo;occupe rapidement de missions d&rsquo;encadrement interm\u00e9diaire et sup\u00e9rieur dans un large \u00e9ventail de professions et de secteurs, y compris l&rsquo;a\u00e9rospatiale.<\/span><span data-ccp-props=\"{\"201341983\":0,\"335559739\":160,\"335559740\":259}\"> <\/span><\/p>\n<p><span data-contrast=\"none\">En 2018, il a rejoint NAOS International pour renforcer la practice a\u00e9rospatiale-s\u00e9curite-d\u00e9fense de notre \u00e9quipe. Promu consultant principal en 2020, il prend la direction de la practice Aerospatiale, S\u00e9curit\u00e9 et D\u00e9fense en 2023.<\/span><span data-ccp-props=\"{\"201341983\":0,\"335559739\":160,\"335559740\":259}\"> <\/span><\/p>\n<p><span data-contrast=\"none\">Expert dans ces secteurs, Maximilien apporte un soutien polyvalent \u00e0 ses clients dans des r\u00f4les vari\u00e9s (Industrie, Ventes, Achats, R&amp;D, Programme), tant en France qu&rsquo;\u00e0 l&rsquo;international. Curieux de nature, Maximilien accorde une grande importance \u00e0 l&rsquo;aspect conseil de son m\u00e9tier. A l&rsquo;\u00e9coute des besoins de ses clients, il s&rsquo;appuie sur les succ\u00e8s \u00e0 court terme pour \u00e9tablir et maintenir une relation de confiance \u00e0 long terme.<\/span><\/p>\n\t\t\t\t\t\t\t\t<\/div>\n\t\t\t\t<\/div>\n\t\t\t\t<\/div>\n\t\t\t\t\t<\/div>\n\t\t\t\t<\/div>\n\t\t\t\t<\/div>\n\t\t","protected":false},"excerpt":{"rendered":"<p>Directeur de practice<\/p>\n","protected":false},"author":4,"featured_media":0,"parent":3402,"menu_order":0,"comment_status":"closed","ping_status":"closed","template":"","meta":{"content-type":"","footnotes":""},"class_list":["post-3679","page","type-page","status-publish","hentry"],"blocksy_meta":{"page_title_panel":"","has_hero_section":"default","da5b4872f9e8334623972e2d166fd56a":"","hero_section":"type-1","hero_elements":[{"id":"custom_title","enabled":true,"heading_tag":"h1","title":"Home"},{"id":"custom_description","enabled":true,"description_visibility":{"desktop":true,"tablet":true,"mobile":false}},{"id":"custom_meta","enabled":false,"meta_elements":[{"id":"author","enabled":true,"label":"By","has_author_avatar":"yes","avatar_size":25},{"id":"post_date","enabled":true,"label":"On","date_format_source":"default","date_format":"M j, Y"},{"id":"updated_date","enabled":false,"label":"On","date_format_source":"default","date_format":"M j, Y"},{"id":"categories","enabled":false,"label":"In","style":"simple"},{"id":"comments","enabled":true}],"page_meta_elements":{"joined":true,"articles_count":true,"comments":true}},{"id":"breadcrumbs","enabled":false}],"e6d535d3e1e37507fc0033d9ef7c98b0":"","hero_alignment1":"CT_CSS_SKIP_RULE","hero_margin":40,"hero_alignment2":"center","hero_vertical_alignment":"center","af604582675f2c6b2d61704d7aa0b27c":"","hero_structure":"narrow","ce6f705cef06fac676ecc48a8a6948fd":"","page_title_bg_type":"featured_image","custom_hero_background":{"attachment_id":null},"page_title_image_size":"full","parallax":{"desktop":false,"tablet":false,"mobile":false},"bd6f81ef84ae85f9e69d912b8ee9c623":"","hero_height":"250px","pageTitleFont":{"family":"Default","variation":"Default","size":"30px","line-height":"CT_CSS_SKIP_RULE","letter-spacing":"CT_CSS_SKIP_RULE","text-transform":"CT_CSS_SKIP_RULE","text-decoration":"CT_CSS_SKIP_RULE"},"pageTitleFontColor":{"default":{"color":"CT_CSS_SKIP_RULEDEFAULT"}},"pageMetaFont":{"family":"Default","variation":"n6","size":"12px","line-height":"1.3","letter-spacing":"CT_CSS_SKIP_RULE","text-transform":"uppercase","text-decoration":"CT_CSS_SKIP_RULE"},"pageMetaFontColor":{"default":{"color":"CT_CSS_SKIP_RULEDEFAULT"},"hover":{"color":"CT_CSS_SKIP_RULEDEFAULT"}},"page_meta_button_type_font_colors":{"default":{"color":"CT_CSS_SKIP_RULEDEFAULT"},"hover":{"color":"CT_CSS_SKIP_RULEDEFAULT"}},"page_meta_button_type_background_colors":{"default":{"color":"CT_CSS_SKIP_RULEDEFAULT"},"hover":{"color":"CT_CSS_SKIP_RULEDEFAULT"}},"pageExcerptFont":{"family":"Default","variation":"Default","size":"CT_CSS_SKIP_RULE","line-height":"CT_CSS_SKIP_RULE","letter-spacing":"CT_CSS_SKIP_RULE","text-transform":"CT_CSS_SKIP_RULE","text-decoration":"CT_CSS_SKIP_RULE"},"pageExcerptColor":{"default":{"color":"CT_CSS_SKIP_RULEDEFAULT"}},"breadcrumbsFont":{"family":"Default","variation":"Default","size":"CT_CSS_SKIP_RULE","line-height":"CT_CSS_SKIP_RULE","letter-spacing":"CT_CSS_SKIP_RULE","text-transform":"CT_CSS_SKIP_RULE","text-decoration":"CT_CSS_SKIP_RULE"},"breadcrumbsFontColor":{"default":{"color":"CT_CSS_SKIP_RULEDEFAULT"},"initial":{"color":"CT_CSS_SKIP_RULEDEFAULT"},"hover":{"color":"CT_CSS_SKIP_RULEDEFAULT"}},"pageTitleOverlay":{"background_type":"color","background_pattern":"type-1","background_image":{"attachment_id":null,"x":0,"y":0},"gradient":"linear-gradient(135deg,rgba(6,147,227,1) 0%,rgb(155,81,224) 100%)","background_repeat":"repeat","background_size":"auto","background_attachment":"scroll","patternColor":{"default":{"color":"#e5e7ea"}},"overlayColor":{"default":{"color":"CT_CSS_SKIP_RULE"}},"backgroundColor":{"default":{"color":"CT_CSS_SKIP_RULE"}}},"pageTitleBackground":{"background_type":"color","background_pattern":"type-1","background_image":{"attachment_id":null,"x":0,"y":0},"gradient":"linear-gradient(135deg,rgba(6,147,227,1) 0%,rgb(155,81,224) 100%)","background_repeat":"repeat","background_size":"auto","background_attachment":"scroll","patternColor":{"default":{"color":"#e5e7ea"}},"overlayColor":{"default":{"color":"CT_CSS_SKIP_RULE"}},"backgroundColor":{"default":{"color":"var(--theme-palette-color-6)"}}},"pageTitlePadding":{"top":"50px","bottom":"50px","left":"auto","right":"auto","linked":true},"8c4a6d2961d44fcfa49a0dd572b8a506":"","page_structure_type":"default","702871a7ab24e49134d063076717b1f5":"","content_style_source":"inherit","content_style":"wide","vertical_spacing_source":"custom","content_area_spacing":"none","background":{"background_type":"color","background_pattern":"type-1","background_image":{"attachment_id":null,"x":0,"y":0},"gradient":"linear-gradient(135deg,rgba(6,147,227,1) 0%,rgb(155,81,224) 100%)","background_repeat":"repeat","background_size":"auto","background_attachment":"scroll","patternColor":{"default":{"color":"#e5e7ea"}},"overlayColor":{"default":{"color":"CT_CSS_SKIP_RULE"}},"backgroundColor":{"default":{"color":"CT_CSS_SKIP_RULE"}}},"content_background":{"background_type":"color","background_pattern":"type-1","background_image":{"attachment_id":null,"x":0,"y":0},"gradient":"linear-gradient(135deg,rgba(6,147,227,1) 0%,rgb(155,81,224) 100%)","background_repeat":"repeat","background_size":"auto","background_attachment":"scroll","patternColor":{"default":{"color":"#e5e7ea"}},"overlayColor":{"default":{"color":"CT_CSS_SKIP_RULE"}},"backgroundColor":{"default":{"color":"var(--theme-palette-color-8)"}}},"content_boxed_shadow":{"inherit":false,"blur":18,"spread":-6,"v_offset":12,"h_offset":0,"inset":false,"enable":true,"color":{"color":"rgba(34, 56, 101, 0.04)"}},"content_boxed_border":{"width":1,"style":"none","color":{"color":"rgba(44,62,80,0.2)"}},"content_boxed_radius":{"top":"3px","bottom":"3px","left":"3px","right":"3px","linked":true},"boxed_content_spacing":{"desktop":{"top":"40px","bottom":"40px","left":"40px","right":"40px","linked":true},"tablet":{"top":"35px","bottom":"35px","left":"35px","right":"35px","linked":true},"mobile":{"top":"20px","bottom":"20px","left":"20px","right":"20px","linked":true}},"7922427f56353a5999fd9b23b8da9b06":"","disable_featured_image":"no","disable_share_box":"no","disable_header":"no","disable_footer":"no","styles_descriptor":{"styles":{"desktop":"","tablet":"","mobile":""},"google_fonts":[],"version":6}},"yoast_head":"<!-- This site is optimized with the Yoast SEO plugin v27.5 - https:\/\/yoast.com\/product\/yoast-seo-wordpress\/ -->\n<title>Maximilien DE BOYER | NAOS International<\/title>\n<meta name=\"robots\" content=\"index, follow, max-snippet:-1, max-image-preview:large, max-video-preview:-1\" \/>\n<link rel=\"canonical\" href=\"https:\/\/www.naos-international.com\/fr\/a-propos\/notre-equipe\/maximilien-de-boyer\/\" \/>\n<meta property=\"og:locale\" content=\"fr_FR\" \/>\n<meta property=\"og:type\" content=\"article\" \/>\n<meta property=\"og:title\" content=\"Maximilien DE BOYER | NAOS International\" \/>\n<meta property=\"og:description\" content=\"Directeur de practice\" \/>\n<meta property=\"og:url\" content=\"https:\/\/www.naos-international.com\/fr\/a-propos\/notre-equipe\/maximilien-de-boyer\/\" \/>\n<meta property=\"og:site_name\" content=\"NAOS International\" \/>\n<meta property=\"article:modified_time\" content=\"2024-05-21T14:10:05+00:00\" \/>\n<meta property=\"og:image\" content=\"https:\/\/www.naos-international.com\/wp-content\/uploads\/2024\/03\/26SEPT2023-12_pp-1-1024x1024.jpg\" \/>\n<meta name=\"twitter:card\" content=\"summary_large_image\" \/>\n<meta name=\"twitter:label1\" content=\"Dur\u00e9e de lecture estim\u00e9e\" \/>\n\t<meta name=\"twitter:data1\" content=\"1 minute\" \/>\n<script type=\"application\/ld+json\" class=\"yoast-schema-graph\">{\"@context\":\"https:\\\/\\\/schema.org\",\"@graph\":[{\"@type\":\"WebPage\",\"@id\":\"https:\\\/\\\/www.naos-international.com\\\/fr\\\/a-propos\\\/notre-equipe\\\/maximilien-de-boyer\\\/\",\"url\":\"https:\\\/\\\/www.naos-international.com\\\/fr\\\/a-propos\\\/notre-equipe\\\/maximilien-de-boyer\\\/\",\"name\":\"Maximilien DE BOYER | NAOS International\",\"isPartOf\":{\"@id\":\"https:\\\/\\\/www.naos-international.com\\\/fr\\\/#website\"},\"primaryImageOfPage\":{\"@id\":\"https:\\\/\\\/www.naos-international.com\\\/fr\\\/a-propos\\\/notre-equipe\\\/maximilien-de-boyer\\\/#primaryimage\"},\"image\":{\"@id\":\"https:\\\/\\\/www.naos-international.com\\\/fr\\\/a-propos\\\/notre-equipe\\\/maximilien-de-boyer\\\/#primaryimage\"},\"thumbnailUrl\":\"https:\\\/\\\/www.naos-international.com\\\/wp-content\\\/uploads\\\/2024\\\/03\\\/26SEPT2023-12_pp-1-1024x1024.jpg\",\"datePublished\":\"2024-03-23T17:02:29+00:00\",\"dateModified\":\"2024-05-21T14:10:05+00:00\",\"breadcrumb\":{\"@id\":\"https:\\\/\\\/www.naos-international.com\\\/fr\\\/a-propos\\\/notre-equipe\\\/maximilien-de-boyer\\\/#breadcrumb\"},\"inLanguage\":\"fr-FR\",\"potentialAction\":[{\"@type\":\"ReadAction\",\"target\":[\"https:\\\/\\\/www.naos-international.com\\\/fr\\\/a-propos\\\/notre-equipe\\\/maximilien-de-boyer\\\/\"]}]},{\"@type\":\"ImageObject\",\"inLanguage\":\"fr-FR\",\"@id\":\"https:\\\/\\\/www.naos-international.com\\\/fr\\\/a-propos\\\/notre-equipe\\\/maximilien-de-boyer\\\/#primaryimage\",\"url\":\"https:\\\/\\\/www.naos-international.com\\\/wp-content\\\/uploads\\\/2024\\\/03\\\/26SEPT2023-12_pp-1-1024x1024.jpg\",\"contentUrl\":\"https:\\\/\\\/www.naos-international.com\\\/wp-content\\\/uploads\\\/2024\\\/03\\\/26SEPT2023-12_pp-1-1024x1024.jpg\"},{\"@type\":\"BreadcrumbList\",\"@id\":\"https:\\\/\\\/www.naos-international.com\\\/fr\\\/a-propos\\\/notre-equipe\\\/maximilien-de-boyer\\\/#breadcrumb\",\"itemListElement\":[{\"@type\":\"ListItem\",\"position\":1,\"name\":\"Home\",\"item\":\"https:\\\/\\\/www.naos-international.com\\\/fr\\\/\"},{\"@type\":\"ListItem\",\"position\":2,\"name\":\"A propos\",\"item\":\"https:\\\/\\\/www.naos-international.com\\\/fr\\\/a-propos\\\/\"},{\"@type\":\"ListItem\",\"position\":3,\"name\":\"Notre \u00e9quipe\",\"item\":\"https:\\\/\\\/www.naos-international.com\\\/fr\\\/a-propos\\\/notre-equipe\\\/\"},{\"@type\":\"ListItem\",\"position\":4,\"name\":\"Maximilien DE BOYER\"}]},{\"@type\":\"WebSite\",\"@id\":\"https:\\\/\\\/www.naos-international.com\\\/fr\\\/#website\",\"url\":\"https:\\\/\\\/www.naos-international.com\\\/fr\\\/\",\"name\":\"NAOS International\",\"description\":\"Executive Search - Bridging Worlds, Building Careers\",\"publisher\":{\"@id\":\"https:\\\/\\\/www.naos-international.com\\\/fr\\\/#organization\"},\"potentialAction\":[{\"@type\":\"SearchAction\",\"target\":{\"@type\":\"EntryPoint\",\"urlTemplate\":\"https:\\\/\\\/www.naos-international.com\\\/fr\\\/?s={search_term_string}\"},\"query-input\":{\"@type\":\"PropertyValueSpecification\",\"valueRequired\":true,\"valueName\":\"search_term_string\"}}],\"inLanguage\":\"fr-FR\"},{\"@type\":\"Organization\",\"@id\":\"https:\\\/\\\/www.naos-international.com\\\/fr\\\/#organization\",\"name\":\"NAOS International\",\"url\":\"https:\\\/\\\/www.naos-international.com\\\/fr\\\/\",\"logo\":{\"@type\":\"ImageObject\",\"inLanguage\":\"fr-FR\",\"@id\":\"https:\\\/\\\/www.naos-international.com\\\/fr\\\/#\\\/schema\\\/logo\\\/image\\\/\",\"url\":\"https:\\\/\\\/www.naos-international.com\\\/wp-content\\\/uploads\\\/2024\\\/03\\\/cropped-naos-international-favicon.png\",\"contentUrl\":\"https:\\\/\\\/www.naos-international.com\\\/wp-content\\\/uploads\\\/2024\\\/03\\\/cropped-naos-international-favicon.png\",\"width\":512,\"height\":512,\"caption\":\"NAOS International\"},\"image\":{\"@id\":\"https:\\\/\\\/www.naos-international.com\\\/fr\\\/#\\\/schema\\\/logo\\\/image\\\/\"}}]}<\/script>\n<!-- \/ Yoast SEO plugin. -->","yoast_head_json":{"title":"Maximilien DE BOYER | NAOS International","robots":{"index":"index","follow":"follow","max-snippet":"max-snippet:-1","max-image-preview":"max-image-preview:large","max-video-preview":"max-video-preview:-1"},"canonical":"https:\/\/www.naos-international.com\/fr\/a-propos\/notre-equipe\/maximilien-de-boyer\/","og_locale":"fr_FR","og_type":"article","og_title":"Maximilien DE BOYER | NAOS International","og_description":"Directeur de practice","og_url":"https:\/\/www.naos-international.com\/fr\/a-propos\/notre-equipe\/maximilien-de-boyer\/","og_site_name":"NAOS International","article_modified_time":"2024-05-21T14:10:05+00:00","og_image":[{"url":"https:\/\/www.naos-international.com\/wp-content\/uploads\/2024\/03\/26SEPT2023-12_pp-1-1024x1024.jpg","type":"","width":"","height":""}],"twitter_card":"summary_large_image","twitter_misc":{"Dur\u00e9e de lecture estim\u00e9e":"1 minute"},"schema":{"@context":"https:\/\/schema.org","@graph":[{"@type":"WebPage","@id":"https:\/\/www.naos-international.com\/fr\/a-propos\/notre-equipe\/maximilien-de-boyer\/","url":"https:\/\/www.naos-international.com\/fr\/a-propos\/notre-equipe\/maximilien-de-boyer\/","name":"Maximilien DE BOYER | NAOS International","isPartOf":{"@id":"https:\/\/www.naos-international.com\/fr\/#website"},"primaryImageOfPage":{"@id":"https:\/\/www.naos-international.com\/fr\/a-propos\/notre-equipe\/maximilien-de-boyer\/#primaryimage"},"image":{"@id":"https:\/\/www.naos-international.com\/fr\/a-propos\/notre-equipe\/maximilien-de-boyer\/#primaryimage"},"thumbnailUrl":"https:\/\/www.naos-international.com\/wp-content\/uploads\/2024\/03\/26SEPT2023-12_pp-1-1024x1024.jpg","datePublished":"2024-03-23T17:02:29+00:00","dateModified":"2024-05-21T14:10:05+00:00","breadcrumb":{"@id":"https:\/\/www.naos-international.com\/fr\/a-propos\/notre-equipe\/maximilien-de-boyer\/#breadcrumb"},"inLanguage":"fr-FR","potentialAction":[{"@type":"ReadAction","target":["https:\/\/www.naos-international.com\/fr\/a-propos\/notre-equipe\/maximilien-de-boyer\/"]}]},{"@type":"ImageObject","inLanguage":"fr-FR","@id":"https:\/\/www.naos-international.com\/fr\/a-propos\/notre-equipe\/maximilien-de-boyer\/#primaryimage","url":"https:\/\/www.naos-international.com\/wp-content\/uploads\/2024\/03\/26SEPT2023-12_pp-1-1024x1024.jpg","contentUrl":"https:\/\/www.naos-international.com\/wp-content\/uploads\/2024\/03\/26SEPT2023-12_pp-1-1024x1024.jpg"},{"@type":"BreadcrumbList","@id":"https:\/\/www.naos-international.com\/fr\/a-propos\/notre-equipe\/maximilien-de-boyer\/#breadcrumb","itemListElement":[{"@type":"ListItem","position":1,"name":"Home","item":"https:\/\/www.naos-international.com\/fr\/"},{"@type":"ListItem","position":2,"name":"A propos","item":"https:\/\/www.naos-international.com\/fr\/a-propos\/"},{"@type":"ListItem","position":3,"name":"Notre \u00e9quipe","item":"https:\/\/www.naos-international.com\/fr\/a-propos\/notre-equipe\/"},{"@type":"ListItem","position":4,"name":"Maximilien DE BOYER"}]},{"@type":"WebSite","@id":"https:\/\/www.naos-international.com\/fr\/#website","url":"https:\/\/www.naos-international.com\/fr\/","name":"NAOS International","description":"Executive Search - Bridging Worlds, Building Careers","publisher":{"@id":"https:\/\/www.naos-international.com\/fr\/#organization"},"potentialAction":[{"@type":"SearchAction","target":{"@type":"EntryPoint","urlTemplate":"https:\/\/www.naos-international.com\/fr\/?s={search_term_string}"},"query-input":{"@type":"PropertyValueSpecification","valueRequired":true,"valueName":"search_term_string"}}],"inLanguage":"fr-FR"},{"@type":"Organization","@id":"https:\/\/www.naos-international.com\/fr\/#organization","name":"NAOS International","url":"https:\/\/www.naos-international.com\/fr\/","logo":{"@type":"ImageObject","inLanguage":"fr-FR","@id":"https:\/\/www.naos-international.com\/fr\/#\/schema\/logo\/image\/","url":"https:\/\/www.naos-international.com\/wp-content\/uploads\/2024\/03\/cropped-naos-international-favicon.png","contentUrl":"https:\/\/www.naos-international.com\/wp-content\/uploads\/2024\/03\/cropped-naos-international-favicon.png","width":512,"height":512,"caption":"NAOS International"},"image":{"@id":"https:\/\/www.naos-international.com\/fr\/#\/schema\/logo\/image\/"}}]}},"_links":{"self":[{"href":"https:\/\/www.naos-international.com\/fr\/wp-json\/wp\/v2\/pages\/3679","targetHints":{"allow":["GET"]}}],"collection":[{"href":"https:\/\/www.naos-international.com\/fr\/wp-json\/wp\/v2\/pages"}],"about":[{"href":"https:\/\/www.naos-international.com\/fr\/wp-json\/wp\/v2\/types\/page"}],"author":[{"embeddable":true,"href":"https:\/\/www.naos-international.com\/fr\/wp-json\/wp\/v2\/users\/4"}],"replies":[{"embeddable":true,"href":"https:\/\/www.naos-international.com\/fr\/wp-json\/wp\/v2\/comments?post=3679"}],"version-history":[{"count":0,"href":"https:\/\/www.naos-international.com\/fr\/wp-json\/wp\/v2\/pages\/3679\/revisions"}],"up":[{"embeddable":true,"href":"https:\/\/www.naos-international.com\/fr\/wp-json\/wp\/v2\/pages\/3402"}],"wp:attachment":[{"href":"https:\/\/www.naos-international.com\/fr\/wp-json\/wp\/v2\/media?parent=3679"}],"curies":[{"name":"wp","href":"https:\/\/api.w.org\/{rel}","templated":true}]}}