{"id":6123,"date":"2025-10-09T12:06:26","date_gmt":"2025-10-09T10:06:26","guid":{"rendered":"https:\/\/www.naos-international.com\/a-propos\/notre-equipe\/salma-ajanny\/"},"modified":"2026-01-06T11:53:45","modified_gmt":"2026-01-06T10:53:45","slug":"salma-ajanny","status":"publish","type":"page","link":"https:\/\/www.naos-international.com\/fr\/a-propos\/notre-equipe\/salma-ajanny\/","title":{"rendered":"Salma Ajanny"},"content":{"rendered":"\t\t<div data-elementor-type=\"wp-page\" data-elementor-id=\"6123\" class=\"elementor elementor-6123 elementor-6115\" data-elementor-post-type=\"page\">\n\t\t\t\t<div class=\"elementor-element elementor-element-e74b68e e-flex e-con-boxed e-con e-parent\" data-id=\"e74b68e\" data-element_type=\"container\" data-e-type=\"container\">\n\t\t\t\t\t<div class=\"e-con-inner\">\n\t\t<div class=\"elementor-element elementor-element-c75f4f1 e-con-full e-flex e-con e-child\" data-id=\"c75f4f1\" data-element_type=\"container\" data-e-type=\"container\">\n\t\t\t\t<div class=\"elementor-element elementor-element-e2596d0 elementor-widget elementor-widget-image\" data-id=\"e2596d0\" data-element_type=\"widget\" data-e-type=\"widget\" data-widget_type=\"image.default\">\n\t\t\t\t<div class=\"elementor-widget-container\">\n\t\t\t\t\t\t\t\t\t\t\t\t\t\t\t<img fetchpriority=\"high\" decoding=\"async\" width=\"1024\" height=\"1024\" src=\"https:\/\/www.naos-international.com\/wp-content\/uploads\/2026\/01\/NAOS-19nov25-8-sur-90-1024x1024.jpg\" class=\"attachment-large size-large wp-image-6209\" alt=\"\" srcset=\"https:\/\/www.naos-international.com\/wp-content\/uploads\/2026\/01\/NAOS-19nov25-8-sur-90-1024x1024.jpg 1024w, https:\/\/www.naos-international.com\/wp-content\/uploads\/2026\/01\/NAOS-19nov25-8-sur-90-300x300.jpg 300w, https:\/\/www.naos-international.com\/wp-content\/uploads\/2026\/01\/NAOS-19nov25-8-sur-90-150x150.jpg 150w, https:\/\/www.naos-international.com\/wp-content\/uploads\/2026\/01\/NAOS-19nov25-8-sur-90-768x768.jpg 768w, https:\/\/www.naos-international.com\/wp-content\/uploads\/2026\/01\/NAOS-19nov25-8-sur-90-1536x1536.jpg 1536w, https:\/\/www.naos-international.com\/wp-content\/uploads\/2026\/01\/NAOS-19nov25-8-sur-90-2048x2048.jpg 2048w\" sizes=\"(max-width: 1024px) 100vw, 1024px\" \/>\t\t\t\t\t\t\t\t\t\t\t\t\t\t\t<\/div>\n\t\t\t\t<\/div>\n\t\t\t\t<\/div>\n\t\t<div class=\"elementor-element elementor-element-7f5494b e-con-full e-flex e-con e-child\" data-id=\"7f5494b\" data-element_type=\"container\" data-e-type=\"container\">\n\t\t\t\t<div class=\"elementor-element elementor-element-fe1621b elementor-widget elementor-widget-text-editor\" data-id=\"fe1621b\" data-element_type=\"widget\" data-e-type=\"widget\" data-widget_type=\"text-editor.default\">\n\t\t\t\t<div class=\"elementor-widget-container\">\n\t\t\t\t\t\t\t\t\t<p data-start=\"328\" data-end=\"573\">Dipl\u00f4m\u00e9e de la Brest Business School, Salma suit actuellement un Master en alternance sp\u00e9cialis\u00e9 en Marketing Digital &amp; Data au sein de la <a href=\"http:\/\/kedge.edu\/\" target=\"_blank\" rel=\"noopener\">KEDGE Business School<\/a>.<br data-start=\"475\" data-end=\"478\">Son parcours l\u2019a amen\u00e9e \u00e0 travailler \u00e0 l\u2019international, entre la France, les Pays-Bas et le Maroc.<\/p><p data-start=\"575\" data-end=\"683\">Elle a notamment collabor\u00e9 sur des projets li\u00e9s \u00e0 la gestion de marque, \u00e0 l\u2019innovation et au d\u00e9veloppement d\u2019entreprises.<\/p><p data-start=\"685\" data-end=\"905\">Forte de ses exp\u00e9riences dans des secteurs vari\u00e9s tels que l\u2019industrie, les services B2B et les technologies, Salma rejoint NAOS International avec pour mission de participer \u00e0 l\u2019application de la strat\u00e9gie marketing et communication du cabinet.<\/p>\t\t\t\t\t\t\t\t<\/div>\n\t\t\t\t<\/div>\n\t\t\t\t<\/div>\n\t\t\t\t\t<\/div>\n\t\t\t\t<\/div>\n\t\t\t\t<\/div>\n\t\t","protected":false},"excerpt":{"rendered":"<p>Dipl\u00f4m\u00e9e de la Brest Business School, Salma suit actuellement un Master en alternance sp\u00e9cialis\u00e9 en Marketing Digital &amp; Data au sein de la KEDGE Business School.Son parcours l\u2019a amen\u00e9e \u00e0 travailler \u00e0 l\u2019international, entre la France, les Pays-Bas et le Maroc. Elle a notamment collabor\u00e9 sur des projets li\u00e9s \u00e0 la gestion de marque, \u00e0 [&hellip;]<\/p>\n","protected":false},"author":4,"featured_media":0,"parent":3402,"menu_order":18,"comment_status":"closed","ping_status":"closed","template":"","meta":{"content-type":"","footnotes":""},"class_list":["post-6123","page","type-page","status-publish","hentry"],"blocksy_meta":[],"yoast_head":"<!-- This site is optimized with the Yoast SEO plugin v27.5 - https:\/\/yoast.com\/product\/yoast-seo-wordpress\/ -->\n<title>Salma Ajanny | NAOS International<\/title>\n<meta name=\"robots\" content=\"index, follow, max-snippet:-1, max-image-preview:large, max-video-preview:-1\" \/>\n<link rel=\"canonical\" href=\"https:\/\/www.naos-international.com\/fr\/a-propos\/notre-equipe\/salma-ajanny\/\" \/>\n<meta property=\"og:locale\" content=\"fr_FR\" \/>\n<meta property=\"og:type\" content=\"article\" \/>\n<meta property=\"og:title\" content=\"Salma Ajanny | NAOS International\" \/>\n<meta property=\"og:description\" content=\"Dipl\u00f4m\u00e9e de la Brest Business School, Salma suit actuellement un Master en alternance sp\u00e9cialis\u00e9 en Marketing Digital &amp; Data au sein de la KEDGE Business School.Son parcours l\u2019a amen\u00e9e \u00e0 travailler \u00e0 l\u2019international, entre la France, les Pays-Bas et le Maroc. Elle a notamment collabor\u00e9 sur des projets li\u00e9s \u00e0 la gestion de marque, \u00e0 [&hellip;]\" \/>\n<meta property=\"og:url\" content=\"https:\/\/www.naos-international.com\/fr\/a-propos\/notre-equipe\/salma-ajanny\/\" \/>\n<meta property=\"og:site_name\" content=\"NAOS International\" \/>\n<meta property=\"article:modified_time\" content=\"2026-01-06T10:53:45+00:00\" \/>\n<meta property=\"og:image\" content=\"https:\/\/www.naos-international.com\/wp-content\/uploads\/2026\/01\/NAOS-19nov25-8-sur-90.jpg\" \/>\n\t<meta property=\"og:image:width\" content=\"2160\" \/>\n\t<meta property=\"og:image:height\" content=\"2160\" \/>\n\t<meta property=\"og:image:type\" content=\"image\/jpeg\" \/>\n<meta name=\"twitter:card\" content=\"summary_large_image\" \/>\n<meta name=\"twitter:label1\" content=\"Dur\u00e9e de lecture estim\u00e9e\" \/>\n\t<meta name=\"twitter:data1\" content=\"1 minute\" \/>\n<script type=\"application\/ld+json\" class=\"yoast-schema-graph\">{\"@context\":\"https:\\\/\\\/schema.org\",\"@graph\":[{\"@type\":\"WebPage\",\"@id\":\"https:\\\/\\\/www.naos-international.com\\\/fr\\\/a-propos\\\/notre-equipe\\\/salma-ajanny\\\/\",\"url\":\"https:\\\/\\\/www.naos-international.com\\\/fr\\\/a-propos\\\/notre-equipe\\\/salma-ajanny\\\/\",\"name\":\"Salma Ajanny | NAOS International\",\"isPartOf\":{\"@id\":\"https:\\\/\\\/www.naos-international.com\\\/fr\\\/#website\"},\"primaryImageOfPage\":{\"@id\":\"https:\\\/\\\/www.naos-international.com\\\/fr\\\/a-propos\\\/notre-equipe\\\/salma-ajanny\\\/#primaryimage\"},\"image\":{\"@id\":\"https:\\\/\\\/www.naos-international.com\\\/fr\\\/a-propos\\\/notre-equipe\\\/salma-ajanny\\\/#primaryimage\"},\"thumbnailUrl\":\"https:\\\/\\\/www.naos-international.com\\\/wp-content\\\/uploads\\\/2026\\\/01\\\/NAOS-19nov25-8-sur-90-1024x1024.jpg\",\"datePublished\":\"2025-10-09T10:06:26+00:00\",\"dateModified\":\"2026-01-06T10:53:45+00:00\",\"breadcrumb\":{\"@id\":\"https:\\\/\\\/www.naos-international.com\\\/fr\\\/a-propos\\\/notre-equipe\\\/salma-ajanny\\\/#breadcrumb\"},\"inLanguage\":\"fr-FR\",\"potentialAction\":[{\"@type\":\"ReadAction\",\"target\":[\"https:\\\/\\\/www.naos-international.com\\\/fr\\\/a-propos\\\/notre-equipe\\\/salma-ajanny\\\/\"]}]},{\"@type\":\"ImageObject\",\"inLanguage\":\"fr-FR\",\"@id\":\"https:\\\/\\\/www.naos-international.com\\\/fr\\\/a-propos\\\/notre-equipe\\\/salma-ajanny\\\/#primaryimage\",\"url\":\"https:\\\/\\\/www.naos-international.com\\\/wp-content\\\/uploads\\\/2026\\\/01\\\/NAOS-19nov25-8-sur-90-1024x1024.jpg\",\"contentUrl\":\"https:\\\/\\\/www.naos-international.com\\\/wp-content\\\/uploads\\\/2026\\\/01\\\/NAOS-19nov25-8-sur-90-1024x1024.jpg\"},{\"@type\":\"BreadcrumbList\",\"@id\":\"https:\\\/\\\/www.naos-international.com\\\/fr\\\/a-propos\\\/notre-equipe\\\/salma-ajanny\\\/#breadcrumb\",\"itemListElement\":[{\"@type\":\"ListItem\",\"position\":1,\"name\":\"Home\",\"item\":\"https:\\\/\\\/www.naos-international.com\\\/fr\\\/\"},{\"@type\":\"ListItem\",\"position\":2,\"name\":\"A propos\",\"item\":\"https:\\\/\\\/www.naos-international.com\\\/fr\\\/a-propos\\\/\"},{\"@type\":\"ListItem\",\"position\":3,\"name\":\"Notre \u00e9quipe\",\"item\":\"https:\\\/\\\/www.naos-international.com\\\/fr\\\/a-propos\\\/notre-equipe\\\/\"},{\"@type\":\"ListItem\",\"position\":4,\"name\":\"Salma Ajanny\"}]},{\"@type\":\"WebSite\",\"@id\":\"https:\\\/\\\/www.naos-international.com\\\/fr\\\/#website\",\"url\":\"https:\\\/\\\/www.naos-international.com\\\/fr\\\/\",\"name\":\"NAOS International\",\"description\":\"Executive Search - Bridging Worlds, Building Careers\",\"publisher\":{\"@id\":\"https:\\\/\\\/www.naos-international.com\\\/fr\\\/#organization\"},\"potentialAction\":[{\"@type\":\"SearchAction\",\"target\":{\"@type\":\"EntryPoint\",\"urlTemplate\":\"https:\\\/\\\/www.naos-international.com\\\/fr\\\/?s={search_term_string}\"},\"query-input\":{\"@type\":\"PropertyValueSpecification\",\"valueRequired\":true,\"valueName\":\"search_term_string\"}}],\"inLanguage\":\"fr-FR\"},{\"@type\":\"Organization\",\"@id\":\"https:\\\/\\\/www.naos-international.com\\\/fr\\\/#organization\",\"name\":\"NAOS International\",\"url\":\"https:\\\/\\\/www.naos-international.com\\\/fr\\\/\",\"logo\":{\"@type\":\"ImageObject\",\"inLanguage\":\"fr-FR\",\"@id\":\"https:\\\/\\\/www.naos-international.com\\\/fr\\\/#\\\/schema\\\/logo\\\/image\\\/\",\"url\":\"https:\\\/\\\/www.naos-international.com\\\/wp-content\\\/uploads\\\/2024\\\/03\\\/cropped-naos-international-favicon.png\",\"contentUrl\":\"https:\\\/\\\/www.naos-international.com\\\/wp-content\\\/uploads\\\/2024\\\/03\\\/cropped-naos-international-favicon.png\",\"width\":512,\"height\":512,\"caption\":\"NAOS International\"},\"image\":{\"@id\":\"https:\\\/\\\/www.naos-international.com\\\/fr\\\/#\\\/schema\\\/logo\\\/image\\\/\"}}]}<\/script>\n<!-- \/ Yoast SEO plugin. -->","yoast_head_json":{"title":"Salma Ajanny | NAOS International","robots":{"index":"index","follow":"follow","max-snippet":"max-snippet:-1","max-image-preview":"max-image-preview:large","max-video-preview":"max-video-preview:-1"},"canonical":"https:\/\/www.naos-international.com\/fr\/a-propos\/notre-equipe\/salma-ajanny\/","og_locale":"fr_FR","og_type":"article","og_title":"Salma Ajanny | NAOS International","og_description":"Dipl\u00f4m\u00e9e de la Brest Business School, Salma suit actuellement un Master en alternance sp\u00e9cialis\u00e9 en Marketing Digital &amp; Data au sein de la KEDGE Business School.Son parcours l\u2019a amen\u00e9e \u00e0 travailler \u00e0 l\u2019international, entre la France, les Pays-Bas et le Maroc. Elle a notamment collabor\u00e9 sur des projets li\u00e9s \u00e0 la gestion de marque, \u00e0 [&hellip;]","og_url":"https:\/\/www.naos-international.com\/fr\/a-propos\/notre-equipe\/salma-ajanny\/","og_site_name":"NAOS International","article_modified_time":"2026-01-06T10:53:45+00:00","og_image":[{"width":2160,"height":2160,"url":"https:\/\/www.naos-international.com\/wp-content\/uploads\/2026\/01\/NAOS-19nov25-8-sur-90.jpg","type":"image\/jpeg"}],"twitter_card":"summary_large_image","twitter_misc":{"Dur\u00e9e de lecture estim\u00e9e":"1 minute"},"schema":{"@context":"https:\/\/schema.org","@graph":[{"@type":"WebPage","@id":"https:\/\/www.naos-international.com\/fr\/a-propos\/notre-equipe\/salma-ajanny\/","url":"https:\/\/www.naos-international.com\/fr\/a-propos\/notre-equipe\/salma-ajanny\/","name":"Salma Ajanny | NAOS International","isPartOf":{"@id":"https:\/\/www.naos-international.com\/fr\/#website"},"primaryImageOfPage":{"@id":"https:\/\/www.naos-international.com\/fr\/a-propos\/notre-equipe\/salma-ajanny\/#primaryimage"},"image":{"@id":"https:\/\/www.naos-international.com\/fr\/a-propos\/notre-equipe\/salma-ajanny\/#primaryimage"},"thumbnailUrl":"https:\/\/www.naos-international.com\/wp-content\/uploads\/2026\/01\/NAOS-19nov25-8-sur-90-1024x1024.jpg","datePublished":"2025-10-09T10:06:26+00:00","dateModified":"2026-01-06T10:53:45+00:00","breadcrumb":{"@id":"https:\/\/www.naos-international.com\/fr\/a-propos\/notre-equipe\/salma-ajanny\/#breadcrumb"},"inLanguage":"fr-FR","potentialAction":[{"@type":"ReadAction","target":["https:\/\/www.naos-international.com\/fr\/a-propos\/notre-equipe\/salma-ajanny\/"]}]},{"@type":"ImageObject","inLanguage":"fr-FR","@id":"https:\/\/www.naos-international.com\/fr\/a-propos\/notre-equipe\/salma-ajanny\/#primaryimage","url":"https:\/\/www.naos-international.com\/wp-content\/uploads\/2026\/01\/NAOS-19nov25-8-sur-90-1024x1024.jpg","contentUrl":"https:\/\/www.naos-international.com\/wp-content\/uploads\/2026\/01\/NAOS-19nov25-8-sur-90-1024x1024.jpg"},{"@type":"BreadcrumbList","@id":"https:\/\/www.naos-international.com\/fr\/a-propos\/notre-equipe\/salma-ajanny\/#breadcrumb","itemListElement":[{"@type":"ListItem","position":1,"name":"Home","item":"https:\/\/www.naos-international.com\/fr\/"},{"@type":"ListItem","position":2,"name":"A propos","item":"https:\/\/www.naos-international.com\/fr\/a-propos\/"},{"@type":"ListItem","position":3,"name":"Notre \u00e9quipe","item":"https:\/\/www.naos-international.com\/fr\/a-propos\/notre-equipe\/"},{"@type":"ListItem","position":4,"name":"Salma Ajanny"}]},{"@type":"WebSite","@id":"https:\/\/www.naos-international.com\/fr\/#website","url":"https:\/\/www.naos-international.com\/fr\/","name":"NAOS International","description":"Executive Search - Bridging Worlds, Building Careers","publisher":{"@id":"https:\/\/www.naos-international.com\/fr\/#organization"},"potentialAction":[{"@type":"SearchAction","target":{"@type":"EntryPoint","urlTemplate":"https:\/\/www.naos-international.com\/fr\/?s={search_term_string}"},"query-input":{"@type":"PropertyValueSpecification","valueRequired":true,"valueName":"search_term_string"}}],"inLanguage":"fr-FR"},{"@type":"Organization","@id":"https:\/\/www.naos-international.com\/fr\/#organization","name":"NAOS International","url":"https:\/\/www.naos-international.com\/fr\/","logo":{"@type":"ImageObject","inLanguage":"fr-FR","@id":"https:\/\/www.naos-international.com\/fr\/#\/schema\/logo\/image\/","url":"https:\/\/www.naos-international.com\/wp-content\/uploads\/2024\/03\/cropped-naos-international-favicon.png","contentUrl":"https:\/\/www.naos-international.com\/wp-content\/uploads\/2024\/03\/cropped-naos-international-favicon.png","width":512,"height":512,"caption":"NAOS International"},"image":{"@id":"https:\/\/www.naos-international.com\/fr\/#\/schema\/logo\/image\/"}}]}},"_links":{"self":[{"href":"https:\/\/www.naos-international.com\/fr\/wp-json\/wp\/v2\/pages\/6123","targetHints":{"allow":["GET"]}}],"collection":[{"href":"https:\/\/www.naos-international.com\/fr\/wp-json\/wp\/v2\/pages"}],"about":[{"href":"https:\/\/www.naos-international.com\/fr\/wp-json\/wp\/v2\/types\/page"}],"author":[{"embeddable":true,"href":"https:\/\/www.naos-international.com\/fr\/wp-json\/wp\/v2\/users\/4"}],"replies":[{"embeddable":true,"href":"https:\/\/www.naos-international.com\/fr\/wp-json\/wp\/v2\/comments?post=6123"}],"version-history":[{"count":4,"href":"https:\/\/www.naos-international.com\/fr\/wp-json\/wp\/v2\/pages\/6123\/revisions"}],"predecessor-version":[{"id":6224,"href":"https:\/\/www.naos-international.com\/fr\/wp-json\/wp\/v2\/pages\/6123\/revisions\/6224"}],"up":[{"embeddable":true,"href":"https:\/\/www.naos-international.com\/fr\/wp-json\/wp\/v2\/pages\/3402"}],"wp:attachment":[{"href":"https:\/\/www.naos-international.com\/fr\/wp-json\/wp\/v2\/media?parent=6123"}],"curies":[{"name":"wp","href":"https:\/\/api.w.org\/{rel}","templated":true}]}}